{"id":4083,"date":"2022-03-14T12:49:41","date_gmt":"2022-03-14T12:49:41","guid":{"rendered":"https:\/\/www.irum.hu\/?page_id=4083"},"modified":"2022-04-18T05:32:41","modified_gmt":"2022-04-18T05:32:41","slug":"tractoare-agricole-tag","status":"publish","type":"page","link":"https:\/\/www.irum.hu\/ro\/despre-companie\/piese\/tractoare-agricole-tag\/","title":{"rendered":"TRACTOARE AGRICOLE TAG"},"content":{"rendered":"\t\t<div data-elementor-type=\"wp-page\" data-elementor-id=\"4083\" class=\"elementor elementor-4083\" data-elementor-settings=\"[]\">\n\t\t\t\t\t\t\t<div class=\"elementor-section-wrap\">\n\t\t\t\t\t\t\t<section class=\"elementor-section elementor-top-section elementor-element elementor-element-c81b546 elementor-section-boxed elementor-section-height-default elementor-section-height-default\" data-id=\"c81b546\" data-element_type=\"section\">\n\t\t\t\t\t\t<div class=\"elementor-container elementor-column-gap-default\">\n\t\t\t\t\t<div class=\"elementor-column elementor-col-100 elementor-top-column elementor-element elementor-element-b5ff820\" data-id=\"b5ff820\" data-element_type=\"column\">\n\t\t\t<div class=\"elementor-widget-wrap\">\n\t\t\t\t\t\t\t\t\t<\/div>\n\t\t<\/div>\n\t\t\t\t\t\t\t<\/div>\n\t\t<\/section>\n\t\t\t\t<section class=\"elementor-section elementor-top-section elementor-element elementor-element-13601de elementor-section-boxed elementor-section-height-default elementor-section-height-default\" data-id=\"13601de\" data-element_type=\"section\">\n\t\t\t\t\t\t<div class=\"elementor-container elementor-column-gap-default\">\n\t\t\t\t\t<div class=\"elementor-column elementor-col-100 elementor-top-column elementor-element elementor-element-632e66c\" data-id=\"632e66c\" data-element_type=\"column\">\n\t\t\t<div class=\"elementor-widget-wrap elementor-element-populated\">\n\t\t\t\t\t\t\t\t<div class=\"elementor-element elementor-element-9906bcd elementor-widget elementor-widget-heading\" data-id=\"9906bcd\" data-element_type=\"widget\" data-widget_type=\"heading.default\">\n\t\t\t\t<div class=\"elementor-widget-container\">\n\t\t\t<style>\/*! elementor - v3.5.6 - 28-02-2022 *\/\n.elementor-heading-title{padding:0;margin:0;line-height:1}.elementor-widget-heading .elementor-heading-title[class*=elementor-size-]>a{color:inherit;font-size:inherit;line-height:inherit}.elementor-widget-heading .elementor-heading-title.elementor-size-small{font-size:15px}.elementor-widget-heading .elementor-heading-title.elementor-size-medium{font-size:19px}.elementor-widget-heading .elementor-heading-title.elementor-size-large{font-size:29px}.elementor-widget-heading .elementor-heading-title.elementor-size-xl{font-size:39px}.elementor-widget-heading .elementor-heading-title.elementor-size-xxl{font-size:59px}<\/style><h2 class=\"elementor-heading-title elementor-size-default\">PREZENTARE<\/h2>\t\t<\/div>\n\t\t\t\t<\/div>\n\t\t\t\t\t<\/div>\n\t\t<\/div>\n\t\t\t\t\t\t\t<\/div>\n\t\t<\/section>\n\t\t\t\t<section class=\"elementor-section elementor-top-section elementor-element elementor-element-9cd08d9 elementor-section-boxed elementor-section-height-default elementor-section-height-default\" data-id=\"9cd08d9\" data-element_type=\"section\">\n\t\t\t\t\t\t<div class=\"elementor-container elementor-column-gap-default\">\n\t\t\t\t\t<div class=\"elementor-column elementor-col-100 elementor-top-column elementor-element elementor-element-d2b7802\" data-id=\"d2b7802\" data-element_type=\"column\">\n\t\t\t<div class=\"elementor-widget-wrap elementor-element-populated\">\n\t\t\t\t\t\t\t\t<div class=\"elementor-element elementor-element-2d02271 elementor-widget elementor-widget-text-editor\" data-id=\"2d02271\" data-element_type=\"widget\" data-widget_type=\"text-editor.default\">\n\t\t\t\t<div class=\"elementor-widget-container\">\n\t\t\t<style>\/*! elementor - v3.5.6 - 28-02-2022 *\/\n.elementor-widget-text-editor.elementor-drop-cap-view-stacked .elementor-drop-cap{background-color:#818a91;color:#fff}.elementor-widget-text-editor.elementor-drop-cap-view-framed .elementor-drop-cap{color:#818a91;border:3px solid;background-color:transparent}.elementor-widget-text-editor:not(.elementor-drop-cap-view-default) .elementor-drop-cap{margin-top:8px}.elementor-widget-text-editor:not(.elementor-drop-cap-view-default) .elementor-drop-cap-letter{width:1em;height:1em}.elementor-widget-text-editor .elementor-drop-cap{float:left;text-align:center;line-height:1;font-size:50px}.elementor-widget-text-editor .elementor-drop-cap-letter{display:inline-block}<\/style>\t\t\t\t<p>Indiferent c\u0103 de\u021bii un tractor universal TAG de la IRUM, sau un tractor BELARUS MTZ, profit\u0103 din plin de experien\u021ba \u0219i cunostin\u021bele inginerilor de la IRUM, c\u00e2t \u0219i de calitatea pieselor BELARUS.<\/p><p>Garant\u0103m pentru toate piesele comercializate, \u00een ceea ce prive\u0219te calitatea \u0219i fiabilitatea lor. Ai siguran\u021ba c\u0103 piesele cump\u0103rate de la noi nu sunt aftermarket, sunt originale, av\u00e2nd toate calit\u0103\u021bile \u0219i caracteristicile pieselor montate ini\u021bial. Din acest motiv, tractorul t\u0103u va func\u021biona \u00een condi\u021bii optime, \u0219i la capacitate maxim\u0103.<\/p><p>Orice defec\u021biune \u00een timpul muncilor agricole poate aduce pierderi imense, iar din acest considerent, \u00eentreaga gam\u0103 de piese de schimb poate fi livrat\u0103 din stoc, \u00een maxim 24 de ore.<\/p>\t\t\t\t\t\t<\/div>\n\t\t\t\t<\/div>\n\t\t\t\t\t<\/div>\n\t\t<\/div>\n\t\t\t\t\t\t\t<\/div>\n\t\t<\/section>\n\t\t\t\t\t\t<\/div>\n\t\t\t\t\t<\/div>\n\t\t","protected":false},"excerpt":{"rendered":"<p>PREZENTARE Indiferent c\u0103 de\u021bii un tractor universal TAG de la<\/p>\n","protected":false},"author":1,"featured_media":4058,"parent":4025,"menu_order":0,"comment_status":"closed","ping_status":"closed","template":"elementor_header_footer","meta":{"footnotes":""},"class_list":["post-4083","page","type-page","status-publish","has-post-thumbnail","hentry"],"yoast_head":"<!-- This site is optimized with the Yoast SEO plugin v20.7 - https:\/\/yoast.com\/wordpress\/plugins\/seo\/ -->\n<title>IRUM - Piese de schimb pentru tractoare agricole TAGRO, TAG<\/title>\n<meta name=\"description\" content=\"Aici gasesti piese de schimb pentru tractoare agricole TAGRO si TAG. Intreaga gama de piese va fi livrata din stoc, in maxim 24 de ore. Contacteaza-ne!\" \/>\n<meta name=\"robots\" content=\"index, follow, max-snippet:-1, max-image-preview:large, max-video-preview:-1\" \/>\n<link rel=\"canonical\" href=\"https:\/\/www.irum.hu\/ro\/despre-companie\/piese\/tractoare-agricole-tag\/\" \/>\n<meta property=\"og:locale\" content=\"ro_RO\" \/>\n<meta property=\"og:type\" content=\"article\" \/>\n<meta property=\"og:title\" content=\"IRUM - Piese de schimb pentru tractoare agricole TAGRO, TAG\" \/>\n<meta property=\"og:description\" content=\"Aici gasesti piese de schimb pentru tractoare agricole TAGRO si TAG. Intreaga gama de piese va fi livrata din stoc, in maxim 24 de ore. Contacteaza-ne!\" \/>\n<meta property=\"og:url\" content=\"https:\/\/www.irum.hu\/ro\/despre-companie\/piese\/tractoare-agricole-tag\/\" \/>\n<meta property=\"og:site_name\" content=\"IRUM\" \/>\n<meta property=\"article:modified_time\" content=\"2022-04-18T05:32:41+00:00\" \/>\n<meta property=\"og:image\" content=\"https:\/\/www.irum.hu\/wp-content\/uploads\/2022\/03\/piese_belarus_2.jpg\" \/>\n\t<meta property=\"og:image:width\" content=\"1109\" \/>\n\t<meta property=\"og:image:height\" content=\"485\" \/>\n\t<meta property=\"og:image:type\" content=\"image\/jpeg\" \/>\n<meta name=\"twitter:card\" content=\"summary_large_image\" \/>\n<meta name=\"twitter:label1\" content=\"Timp estimat pentru citire\" \/>\n\t<meta name=\"twitter:data1\" content=\"1 minut\" \/>\n<script type=\"application\/ld+json\" class=\"yoast-schema-graph\">{\"@context\":\"https:\/\/schema.org\",\"@graph\":[{\"@type\":\"WebPage\",\"@id\":\"https:\/\/www.irum.hu\/ro\/despre-companie\/piese\/tractoare-agricole-tag\/\",\"url\":\"https:\/\/www.irum.hu\/ro\/despre-companie\/piese\/tractoare-agricole-tag\/\",\"name\":\"IRUM - Piese de schimb pentru tractoare agricole TAGRO, TAG\",\"isPartOf\":{\"@id\":\"https:\/\/www.irum.hu\/ro\/#website\"},\"datePublished\":\"2022-03-14T12:49:41+00:00\",\"dateModified\":\"2022-04-18T05:32:41+00:00\",\"description\":\"Aici gasesti piese de schimb pentru tractoare agricole TAGRO si TAG. Intreaga gama de piese va fi livrata din stoc, in maxim 24 de ore. Contacteaza-ne!\",\"breadcrumb\":{\"@id\":\"https:\/\/www.irum.hu\/ro\/despre-companie\/piese\/tractoare-agricole-tag\/#breadcrumb\"},\"inLanguage\":\"ro-RO\",\"potentialAction\":[{\"@type\":\"ReadAction\",\"target\":[\"https:\/\/www.irum.hu\/ro\/despre-companie\/piese\/tractoare-agricole-tag\/\"]}]},{\"@type\":\"BreadcrumbList\",\"@id\":\"https:\/\/www.irum.hu\/ro\/despre-companie\/piese\/tractoare-agricole-tag\/#breadcrumb\",\"itemListElement\":[{\"@type\":\"ListItem\",\"position\":1,\"name\":\"Despre noi\",\"item\":\"https:\/\/www.irum.hu\/ro\/despre-companie\/\"},{\"@type\":\"ListItem\",\"position\":2,\"name\":\"PIESE\",\"item\":\"https:\/\/www.irum.hu\/ro\/despre-companie\/piese\/\"},{\"@type\":\"ListItem\",\"position\":3,\"name\":\"TRACTOARE AGRICOLE TAG\"}]},{\"@type\":\"WebSite\",\"@id\":\"https:\/\/www.irum.hu\/ro\/#website\",\"url\":\"https:\/\/www.irum.hu\/ro\/\",\"name\":\"IRUM\",\"description\":\"Tractoare Rom\u00e2ne\u0219ti\",\"publisher\":{\"@id\":\"https:\/\/www.irum.hu\/ro\/#organization\"},\"potentialAction\":[{\"@type\":\"SearchAction\",\"target\":{\"@type\":\"EntryPoint\",\"urlTemplate\":\"https:\/\/www.irum.hu\/ro\/?s={search_term_string}\"},\"query-input\":\"required name=search_term_string\"}],\"inLanguage\":\"ro-RO\"},{\"@type\":\"Organization\",\"@id\":\"https:\/\/www.irum.hu\/ro\/#organization\",\"name\":\"IRUM\",\"url\":\"https:\/\/www.irum.hu\/ro\/\",\"logo\":{\"@type\":\"ImageObject\",\"inLanguage\":\"ro-RO\",\"@id\":\"https:\/\/www.irum.hu\/ro\/#\/schema\/logo\/image\/\",\"url\":\"https:\/\/www.irum.hu\/wp-content\/uploads\/2022\/06\/loho_hu.png\",\"contentUrl\":\"https:\/\/www.irum.hu\/wp-content\/uploads\/2022\/06\/loho_hu.png\",\"width\":99,\"height\":141,\"caption\":\"IRUM\"},\"image\":{\"@id\":\"https:\/\/www.irum.hu\/ro\/#\/schema\/logo\/image\/\"}}]}<\/script>\n<!-- \/ Yoast SEO plugin. -->","yoast_head_json":{"title":"IRUM - Piese de schimb pentru tractoare agricole TAGRO, TAG","description":"Aici gasesti piese de schimb pentru tractoare agricole TAGRO si TAG. Intreaga gama de piese va fi livrata din stoc, in maxim 24 de ore. Contacteaza-ne!","robots":{"index":"index","follow":"follow","max-snippet":"max-snippet:-1","max-image-preview":"max-image-preview:large","max-video-preview":"max-video-preview:-1"},"canonical":"https:\/\/www.irum.hu\/ro\/despre-companie\/piese\/tractoare-agricole-tag\/","og_locale":"ro_RO","og_type":"article","og_title":"IRUM - Piese de schimb pentru tractoare agricole TAGRO, TAG","og_description":"Aici gasesti piese de schimb pentru tractoare agricole TAGRO si TAG. Intreaga gama de piese va fi livrata din stoc, in maxim 24 de ore. Contacteaza-ne!","og_url":"https:\/\/www.irum.hu\/ro\/despre-companie\/piese\/tractoare-agricole-tag\/","og_site_name":"IRUM","article_modified_time":"2022-04-18T05:32:41+00:00","og_image":[{"width":1109,"height":485,"url":"https:\/\/www.irum.hu\/wp-content\/uploads\/2022\/03\/piese_belarus_2.jpg","type":"image\/jpeg"}],"twitter_card":"summary_large_image","twitter_misc":{"Timp estimat pentru citire":"1 minut"},"schema":{"@context":"https:\/\/schema.org","@graph":[{"@type":"WebPage","@id":"https:\/\/www.irum.hu\/ro\/despre-companie\/piese\/tractoare-agricole-tag\/","url":"https:\/\/www.irum.hu\/ro\/despre-companie\/piese\/tractoare-agricole-tag\/","name":"IRUM - Piese de schimb pentru tractoare agricole TAGRO, TAG","isPartOf":{"@id":"https:\/\/www.irum.hu\/ro\/#website"},"datePublished":"2022-03-14T12:49:41+00:00","dateModified":"2022-04-18T05:32:41+00:00","description":"Aici gasesti piese de schimb pentru tractoare agricole TAGRO si TAG. Intreaga gama de piese va fi livrata din stoc, in maxim 24 de ore. Contacteaza-ne!","breadcrumb":{"@id":"https:\/\/www.irum.hu\/ro\/despre-companie\/piese\/tractoare-agricole-tag\/#breadcrumb"},"inLanguage":"ro-RO","potentialAction":[{"@type":"ReadAction","target":["https:\/\/www.irum.hu\/ro\/despre-companie\/piese\/tractoare-agricole-tag\/"]}]},{"@type":"BreadcrumbList","@id":"https:\/\/www.irum.hu\/ro\/despre-companie\/piese\/tractoare-agricole-tag\/#breadcrumb","itemListElement":[{"@type":"ListItem","position":1,"name":"Despre noi","item":"https:\/\/www.irum.hu\/ro\/despre-companie\/"},{"@type":"ListItem","position":2,"name":"PIESE","item":"https:\/\/www.irum.hu\/ro\/despre-companie\/piese\/"},{"@type":"ListItem","position":3,"name":"TRACTOARE AGRICOLE TAG"}]},{"@type":"WebSite","@id":"https:\/\/www.irum.hu\/ro\/#website","url":"https:\/\/www.irum.hu\/ro\/","name":"IRUM","description":"Tractoare Rom\u00e2ne\u0219ti","publisher":{"@id":"https:\/\/www.irum.hu\/ro\/#organization"},"potentialAction":[{"@type":"SearchAction","target":{"@type":"EntryPoint","urlTemplate":"https:\/\/www.irum.hu\/ro\/?s={search_term_string}"},"query-input":"required name=search_term_string"}],"inLanguage":"ro-RO"},{"@type":"Organization","@id":"https:\/\/www.irum.hu\/ro\/#organization","name":"IRUM","url":"https:\/\/www.irum.hu\/ro\/","logo":{"@type":"ImageObject","inLanguage":"ro-RO","@id":"https:\/\/www.irum.hu\/ro\/#\/schema\/logo\/image\/","url":"https:\/\/www.irum.hu\/wp-content\/uploads\/2022\/06\/loho_hu.png","contentUrl":"https:\/\/www.irum.hu\/wp-content\/uploads\/2022\/06\/loho_hu.png","width":99,"height":141,"caption":"IRUM"},"image":{"@id":"https:\/\/www.irum.hu\/ro\/#\/schema\/logo\/image\/"}}]}},"_links":{"self":[{"href":"https:\/\/www.irum.hu\/ro\/wp-json\/wp\/v2\/pages\/4083","targetHints":{"allow":["GET"]}}],"collection":[{"href":"https:\/\/www.irum.hu\/ro\/wp-json\/wp\/v2\/pages"}],"about":[{"href":"https:\/\/www.irum.hu\/ro\/wp-json\/wp\/v2\/types\/page"}],"author":[{"embeddable":true,"href":"https:\/\/www.irum.hu\/ro\/wp-json\/wp\/v2\/users\/1"}],"replies":[{"embeddable":true,"href":"https:\/\/www.irum.hu\/ro\/wp-json\/wp\/v2\/comments?post=4083"}],"version-history":[{"count":0,"href":"https:\/\/www.irum.hu\/ro\/wp-json\/wp\/v2\/pages\/4083\/revisions"}],"up":[{"embeddable":true,"href":"https:\/\/www.irum.hu\/ro\/wp-json\/wp\/v2\/pages\/4025"}],"wp:featuredmedia":[{"embeddable":true,"href":"https:\/\/www.irum.hu\/ro\/wp-json\/wp\/v2\/media\/4058"}],"wp:attachment":[{"href":"https:\/\/www.irum.hu\/ro\/wp-json\/wp\/v2\/media?parent=4083"}],"curies":[{"name":"wp","href":"https:\/\/api.w.org\/{rel}","templated":true}]}}