{"id":3899,"date":"2022-03-14T07:31:31","date_gmt":"2022-03-14T07:31:31","guid":{"rendered":"https:\/\/www.irum.hu\/?page_id=3899"},"modified":"2022-04-18T05:37:07","modified_gmt":"2022-04-18T05:37:07","slug":"debitare","status":"publish","type":"page","link":"https:\/\/www.irum.hu\/ro\/despre-companie\/serviciile-noastre\/debitare\/","title":{"rendered":"DEBITARE"},"content":{"rendered":"\t\t<div data-elementor-type=\"wp-page\" data-elementor-id=\"3899\" class=\"elementor elementor-3899\" data-elementor-settings=\"[]\">\n\t\t\t\t\t\t\t<div class=\"elementor-section-wrap\">\n\t\t\t\t\t\t\t<section class=\"elementor-section elementor-top-section elementor-element elementor-element-c81b546 elementor-section-boxed elementor-section-height-default elementor-section-height-default\" data-id=\"c81b546\" data-element_type=\"section\">\n\t\t\t\t\t\t<div class=\"elementor-container elementor-column-gap-default\">\n\t\t\t\t\t<div class=\"elementor-column elementor-col-100 elementor-top-column elementor-element elementor-element-b5ff820\" data-id=\"b5ff820\" data-element_type=\"column\">\n\t\t\t<div class=\"elementor-widget-wrap\">\n\t\t\t\t\t\t\t\t\t<\/div>\n\t\t<\/div>\n\t\t\t\t\t\t\t<\/div>\n\t\t<\/section>\n\t\t\t\t<section class=\"elementor-section elementor-top-section elementor-element elementor-element-13601de elementor-section-boxed elementor-section-height-default elementor-section-height-default\" data-id=\"13601de\" data-element_type=\"section\">\n\t\t\t\t\t\t<div class=\"elementor-container elementor-column-gap-default\">\n\t\t\t\t\t<div class=\"elementor-column elementor-col-100 elementor-top-column elementor-element elementor-element-632e66c\" data-id=\"632e66c\" data-element_type=\"column\">\n\t\t\t<div class=\"elementor-widget-wrap elementor-element-populated\">\n\t\t\t\t\t\t\t\t<div class=\"elementor-element elementor-element-9906bcd elementor-widget elementor-widget-heading\" data-id=\"9906bcd\" data-element_type=\"widget\" data-widget_type=\"heading.default\">\n\t\t\t\t<div class=\"elementor-widget-container\">\n\t\t\t<style>\/*! elementor - v3.5.6 - 28-02-2022 *\/\n.elementor-heading-title{padding:0;margin:0;line-height:1}.elementor-widget-heading .elementor-heading-title[class*=elementor-size-]>a{color:inherit;font-size:inherit;line-height:inherit}.elementor-widget-heading .elementor-heading-title.elementor-size-small{font-size:15px}.elementor-widget-heading .elementor-heading-title.elementor-size-medium{font-size:19px}.elementor-widget-heading .elementor-heading-title.elementor-size-large{font-size:29px}.elementor-widget-heading .elementor-heading-title.elementor-size-xl{font-size:39px}.elementor-widget-heading .elementor-heading-title.elementor-size-xxl{font-size:59px}<\/style><h2 class=\"elementor-heading-title elementor-size-default\">PREZENTARE<\/h2>\t\t<\/div>\n\t\t\t\t<\/div>\n\t\t\t\t\t<\/div>\n\t\t<\/div>\n\t\t\t\t\t\t\t<\/div>\n\t\t<\/section>\n\t\t\t\t<section class=\"elementor-section elementor-top-section elementor-element elementor-element-9cd08d9 elementor-section-boxed elementor-section-height-default elementor-section-height-default\" data-id=\"9cd08d9\" data-element_type=\"section\">\n\t\t\t\t\t\t<div class=\"elementor-container elementor-column-gap-default\">\n\t\t\t\t\t<div class=\"elementor-column elementor-col-100 elementor-top-column elementor-element elementor-element-d2b7802\" data-id=\"d2b7802\" data-element_type=\"column\">\n\t\t\t<div class=\"elementor-widget-wrap elementor-element-populated\">\n\t\t\t\t\t\t\t\t<div class=\"elementor-element elementor-element-2d02271 elementor-widget elementor-widget-text-editor\" data-id=\"2d02271\" data-element_type=\"widget\" data-widget_type=\"text-editor.default\">\n\t\t\t\t<div class=\"elementor-widget-container\">\n\t\t\t<style>\/*! elementor - v3.5.6 - 28-02-2022 *\/\n.elementor-widget-text-editor.elementor-drop-cap-view-stacked .elementor-drop-cap{background-color:#818a91;color:#fff}.elementor-widget-text-editor.elementor-drop-cap-view-framed .elementor-drop-cap{color:#818a91;border:3px solid;background-color:transparent}.elementor-widget-text-editor:not(.elementor-drop-cap-view-default) .elementor-drop-cap{margin-top:8px}.elementor-widget-text-editor:not(.elementor-drop-cap-view-default) .elementor-drop-cap-letter{width:1em;height:1em}.elementor-widget-text-editor .elementor-drop-cap{float:left;text-align:center;line-height:1;font-size:50px}.elementor-widget-text-editor .elementor-drop-cap-letter{display:inline-block}<\/style>\t\t\t\t<p>Departamentul de confec\u021bii metalice din cadrul firmei noastre constituie o parte important\u0103 a liniei de produc\u021bie IRUM de peste 60 de ani: de la caroserie p\u00e2n\u0103 la rezervoare, o mare parte din piesele \u0219i accesoriile utilajelor TAF se produc aici. De asemenea, baz\u00e2ndu-ne pe experien\u021ba noastr\u0103 avem capacitatea de a produce cele mai diverse confec\u021bii metalice u\u0219oare \u0219i grele la comand\u0103, dup\u0103 cerin\u021bele clientului.<\/p><p>\u00cen cadrul liniei de produc\u021bii a utilajelor IRUM, departamentul produce piese precum: capotaje, caroserii, cabine, casete, rezervoare de combustibil, rezervoare de ulei, ap\u0103r\u0103tori far, grilaje, lame TAF, scuturi TAF, sasii TAF etc.<\/p><p>Totodat\u0103, departamentul de confec\u021bii metalice IRUM are capacitatea de a produce structuri de rezisten\u021b\u0103 metalic\u0103, virol\u0103ri de table, por\u021bi, garduri, grilaje, rafturi, containere, cutii de diferite m\u0103rimi, elemente de prindere, balamale, precum \u0219i multe alte piese, toate dup\u0103 cerin\u021bele \u0219i specifica\u021biile clientului.<\/p><p>Pe l\u00e2ng\u0103 experien\u021ba noastr\u0103 de peste\u00a0<strong>65<\/strong>\u00a0de ani, un alt atu al departamentului este dotarea tehnic\u0103 de excep\u021bie. Format din utilaje de ultim\u0103 genera\u021bie, aparate de sudur\u0103 argon, aparate de sudur\u0103 mig-mag, robo\u021bi de sudur\u0103 etc., serviciile oferite de c\u0103tre departamentul de confec\u021bii metalice IRUM sunt de cea mai \u00eenalt\u0103 calitate, iar eficien\u021ba procesului de produc\u021bie se traduce prin pre\u021buri avantajoase pentru client.<\/p>\t\t\t\t\t\t<\/div>\n\t\t\t\t<\/div>\n\t\t\t\t\t<\/div>\n\t\t<\/div>\n\t\t\t\t\t\t\t<\/div>\n\t\t<\/section>\n\t\t\t\t\t\t<\/div>\n\t\t\t\t\t<\/div>\n\t\t","protected":false},"excerpt":{"rendered":"<p>PREZENTARE Departamentul de confec\u021bii metalice din cadrul firmei noastre constituie<\/p>\n","protected":false},"author":1,"featured_media":3950,"parent":399,"menu_order":0,"comment_status":"closed","ping_status":"closed","template":"elementor_header_footer","meta":{"footnotes":""},"class_list":["post-3899","page","type-page","status-publish","has-post-thumbnail","hentry"],"yoast_head":"<!-- This site is optimized with the Yoast SEO plugin v20.7 - https:\/\/yoast.com\/wordpress\/plugins\/seo\/ -->\n<title>IRUM - Servicii de debitare<\/title>\n<meta name=\"description\" content=\"Producem la comanda diverse confectii metalice usoare si grele, conform cerintelor fiecarui client. Apeleaza la serviciile noastre de debitare. Afla aici!\" \/>\n<meta name=\"robots\" content=\"index, follow, max-snippet:-1, max-image-preview:large, max-video-preview:-1\" \/>\n<link rel=\"canonical\" href=\"https:\/\/www.irum.hu\/ro\/despre-companie\/serviciile-noastre\/debitare\/\" \/>\n<meta property=\"og:locale\" content=\"ro_RO\" \/>\n<meta property=\"og:type\" content=\"article\" \/>\n<meta property=\"og:title\" content=\"IRUM - Servicii de debitare\" \/>\n<meta property=\"og:description\" content=\"Producem la comanda diverse confectii metalice usoare si grele, conform cerintelor fiecarui client. Apeleaza la serviciile noastre de debitare. Afla aici!\" \/>\n<meta property=\"og:url\" content=\"https:\/\/www.irum.hu\/ro\/despre-companie\/serviciile-noastre\/debitare\/\" \/>\n<meta property=\"og:site_name\" content=\"IRUM\" \/>\n<meta property=\"article:modified_time\" content=\"2022-04-18T05:37:07+00:00\" \/>\n<meta property=\"og:image\" content=\"https:\/\/www.irum.hu\/wp-content\/uploads\/2022\/03\/debitare-1.jpg\" \/>\n\t<meta property=\"og:image:width\" content=\"1110\" \/>\n\t<meta property=\"og:image:height\" content=\"500\" \/>\n\t<meta property=\"og:image:type\" content=\"image\/jpeg\" \/>\n<meta name=\"twitter:card\" content=\"summary_large_image\" \/>\n<meta name=\"twitter:label1\" content=\"Timp estimat pentru citire\" \/>\n\t<meta name=\"twitter:data1\" content=\"1 minut\" \/>\n<script type=\"application\/ld+json\" class=\"yoast-schema-graph\">{\"@context\":\"https:\/\/schema.org\",\"@graph\":[{\"@type\":\"WebPage\",\"@id\":\"https:\/\/www.irum.hu\/ro\/despre-companie\/serviciile-noastre\/debitare\/\",\"url\":\"https:\/\/www.irum.hu\/ro\/despre-companie\/serviciile-noastre\/debitare\/\",\"name\":\"IRUM - Servicii de debitare\",\"isPartOf\":{\"@id\":\"https:\/\/www.irum.hu\/ro\/#website\"},\"datePublished\":\"2022-03-14T07:31:31+00:00\",\"dateModified\":\"2022-04-18T05:37:07+00:00\",\"description\":\"Producem la comanda diverse confectii metalice usoare si grele, conform cerintelor fiecarui client. Apeleaza la serviciile noastre de debitare. Afla aici!\",\"breadcrumb\":{\"@id\":\"https:\/\/www.irum.hu\/ro\/despre-companie\/serviciile-noastre\/debitare\/#breadcrumb\"},\"inLanguage\":\"ro-RO\",\"potentialAction\":[{\"@type\":\"ReadAction\",\"target\":[\"https:\/\/www.irum.hu\/ro\/despre-companie\/serviciile-noastre\/debitare\/\"]}]},{\"@type\":\"BreadcrumbList\",\"@id\":\"https:\/\/www.irum.hu\/ro\/despre-companie\/serviciile-noastre\/debitare\/#breadcrumb\",\"itemListElement\":[{\"@type\":\"ListItem\",\"position\":1,\"name\":\"Despre noi\",\"item\":\"https:\/\/www.irum.hu\/ro\/despre-companie\/\"},{\"@type\":\"ListItem\",\"position\":2,\"name\":\"SERVICIILE NOASTRE\",\"item\":\"https:\/\/www.irum.hu\/ro\/despre-companie\/serviciile-noastre\/\"},{\"@type\":\"ListItem\",\"position\":3,\"name\":\"DEBITARE\"}]},{\"@type\":\"WebSite\",\"@id\":\"https:\/\/www.irum.hu\/ro\/#website\",\"url\":\"https:\/\/www.irum.hu\/ro\/\",\"name\":\"IRUM\",\"description\":\"Tractoare Rom\u00e2ne\u0219ti\",\"publisher\":{\"@id\":\"https:\/\/www.irum.hu\/ro\/#organization\"},\"potentialAction\":[{\"@type\":\"SearchAction\",\"target\":{\"@type\":\"EntryPoint\",\"urlTemplate\":\"https:\/\/www.irum.hu\/ro\/?s={search_term_string}\"},\"query-input\":\"required name=search_term_string\"}],\"inLanguage\":\"ro-RO\"},{\"@type\":\"Organization\",\"@id\":\"https:\/\/www.irum.hu\/ro\/#organization\",\"name\":\"IRUM\",\"url\":\"https:\/\/www.irum.hu\/ro\/\",\"logo\":{\"@type\":\"ImageObject\",\"inLanguage\":\"ro-RO\",\"@id\":\"https:\/\/www.irum.hu\/ro\/#\/schema\/logo\/image\/\",\"url\":\"https:\/\/www.irum.hu\/wp-content\/uploads\/2022\/06\/loho_hu.png\",\"contentUrl\":\"https:\/\/www.irum.hu\/wp-content\/uploads\/2022\/06\/loho_hu.png\",\"width\":99,\"height\":141,\"caption\":\"IRUM\"},\"image\":{\"@id\":\"https:\/\/www.irum.hu\/ro\/#\/schema\/logo\/image\/\"}}]}<\/script>\n<!-- \/ Yoast SEO plugin. -->","yoast_head_json":{"title":"IRUM - Servicii de debitare","description":"Producem la comanda diverse confectii metalice usoare si grele, conform cerintelor fiecarui client. Apeleaza la serviciile noastre de debitare. Afla aici!","robots":{"index":"index","follow":"follow","max-snippet":"max-snippet:-1","max-image-preview":"max-image-preview:large","max-video-preview":"max-video-preview:-1"},"canonical":"https:\/\/www.irum.hu\/ro\/despre-companie\/serviciile-noastre\/debitare\/","og_locale":"ro_RO","og_type":"article","og_title":"IRUM - Servicii de debitare","og_description":"Producem la comanda diverse confectii metalice usoare si grele, conform cerintelor fiecarui client. Apeleaza la serviciile noastre de debitare. Afla aici!","og_url":"https:\/\/www.irum.hu\/ro\/despre-companie\/serviciile-noastre\/debitare\/","og_site_name":"IRUM","article_modified_time":"2022-04-18T05:37:07+00:00","og_image":[{"width":1110,"height":500,"url":"https:\/\/www.irum.hu\/wp-content\/uploads\/2022\/03\/debitare-1.jpg","type":"image\/jpeg"}],"twitter_card":"summary_large_image","twitter_misc":{"Timp estimat pentru citire":"1 minut"},"schema":{"@context":"https:\/\/schema.org","@graph":[{"@type":"WebPage","@id":"https:\/\/www.irum.hu\/ro\/despre-companie\/serviciile-noastre\/debitare\/","url":"https:\/\/www.irum.hu\/ro\/despre-companie\/serviciile-noastre\/debitare\/","name":"IRUM - Servicii de debitare","isPartOf":{"@id":"https:\/\/www.irum.hu\/ro\/#website"},"datePublished":"2022-03-14T07:31:31+00:00","dateModified":"2022-04-18T05:37:07+00:00","description":"Producem la comanda diverse confectii metalice usoare si grele, conform cerintelor fiecarui client. Apeleaza la serviciile noastre de debitare. Afla aici!","breadcrumb":{"@id":"https:\/\/www.irum.hu\/ro\/despre-companie\/serviciile-noastre\/debitare\/#breadcrumb"},"inLanguage":"ro-RO","potentialAction":[{"@type":"ReadAction","target":["https:\/\/www.irum.hu\/ro\/despre-companie\/serviciile-noastre\/debitare\/"]}]},{"@type":"BreadcrumbList","@id":"https:\/\/www.irum.hu\/ro\/despre-companie\/serviciile-noastre\/debitare\/#breadcrumb","itemListElement":[{"@type":"ListItem","position":1,"name":"Despre noi","item":"https:\/\/www.irum.hu\/ro\/despre-companie\/"},{"@type":"ListItem","position":2,"name":"SERVICIILE NOASTRE","item":"https:\/\/www.irum.hu\/ro\/despre-companie\/serviciile-noastre\/"},{"@type":"ListItem","position":3,"name":"DEBITARE"}]},{"@type":"WebSite","@id":"https:\/\/www.irum.hu\/ro\/#website","url":"https:\/\/www.irum.hu\/ro\/","name":"IRUM","description":"Tractoare Rom\u00e2ne\u0219ti","publisher":{"@id":"https:\/\/www.irum.hu\/ro\/#organization"},"potentialAction":[{"@type":"SearchAction","target":{"@type":"EntryPoint","urlTemplate":"https:\/\/www.irum.hu\/ro\/?s={search_term_string}"},"query-input":"required name=search_term_string"}],"inLanguage":"ro-RO"},{"@type":"Organization","@id":"https:\/\/www.irum.hu\/ro\/#organization","name":"IRUM","url":"https:\/\/www.irum.hu\/ro\/","logo":{"@type":"ImageObject","inLanguage":"ro-RO","@id":"https:\/\/www.irum.hu\/ro\/#\/schema\/logo\/image\/","url":"https:\/\/www.irum.hu\/wp-content\/uploads\/2022\/06\/loho_hu.png","contentUrl":"https:\/\/www.irum.hu\/wp-content\/uploads\/2022\/06\/loho_hu.png","width":99,"height":141,"caption":"IRUM"},"image":{"@id":"https:\/\/www.irum.hu\/ro\/#\/schema\/logo\/image\/"}}]}},"_links":{"self":[{"href":"https:\/\/www.irum.hu\/ro\/wp-json\/wp\/v2\/pages\/3899","targetHints":{"allow":["GET"]}}],"collection":[{"href":"https:\/\/www.irum.hu\/ro\/wp-json\/wp\/v2\/pages"}],"about":[{"href":"https:\/\/www.irum.hu\/ro\/wp-json\/wp\/v2\/types\/page"}],"author":[{"embeddable":true,"href":"https:\/\/www.irum.hu\/ro\/wp-json\/wp\/v2\/users\/1"}],"replies":[{"embeddable":true,"href":"https:\/\/www.irum.hu\/ro\/wp-json\/wp\/v2\/comments?post=3899"}],"version-history":[{"count":0,"href":"https:\/\/www.irum.hu\/ro\/wp-json\/wp\/v2\/pages\/3899\/revisions"}],"up":[{"embeddable":true,"href":"https:\/\/www.irum.hu\/ro\/wp-json\/wp\/v2\/pages\/399"}],"wp:featuredmedia":[{"embeddable":true,"href":"https:\/\/www.irum.hu\/ro\/wp-json\/wp\/v2\/media\/3950"}],"wp:attachment":[{"href":"https:\/\/www.irum.hu\/ro\/wp-json\/wp\/v2\/media?parent=3899"}],"curies":[{"name":"wp","href":"https:\/\/api.w.org\/{rel}","templated":true}]}}