{"id":3861,"date":"2022-03-14T06:40:59","date_gmt":"2022-03-14T06:40:59","guid":{"rendered":"https:\/\/www.irum.hu\/?page_id=3861"},"modified":"2022-04-18T05:38:16","modified_gmt":"2022-04-18T05:38:16","slug":"turnatorie","status":"publish","type":"page","link":"https:\/\/www.irum.hu\/ro\/despre-companie\/serviciile-noastre\/turnatorie\/","title":{"rendered":"TURN\u0102TORIE"},"content":{"rendered":"\t\t<div data-elementor-type=\"wp-page\" data-elementor-id=\"3861\" class=\"elementor elementor-3861\" data-elementor-settings=\"[]\">\n\t\t\t\t\t\t\t<div class=\"elementor-section-wrap\">\n\t\t\t\t\t\t\t<section class=\"elementor-section elementor-top-section elementor-element elementor-element-c81b546 elementor-section-boxed elementor-section-height-default elementor-section-height-default\" data-id=\"c81b546\" data-element_type=\"section\">\n\t\t\t\t\t\t<div class=\"elementor-container elementor-column-gap-default\">\n\t\t\t\t\t<div class=\"elementor-column elementor-col-100 elementor-top-column elementor-element elementor-element-b5ff820\" data-id=\"b5ff820\" data-element_type=\"column\">\n\t\t\t<div class=\"elementor-widget-wrap\">\n\t\t\t\t\t\t\t\t\t<\/div>\n\t\t<\/div>\n\t\t\t\t\t\t\t<\/div>\n\t\t<\/section>\n\t\t\t\t<section class=\"elementor-section elementor-top-section elementor-element elementor-element-13601de elementor-section-boxed elementor-section-height-default elementor-section-height-default\" data-id=\"13601de\" data-element_type=\"section\">\n\t\t\t\t\t\t<div class=\"elementor-container elementor-column-gap-default\">\n\t\t\t\t\t<div class=\"elementor-column elementor-col-100 elementor-top-column elementor-element elementor-element-632e66c\" data-id=\"632e66c\" data-element_type=\"column\">\n\t\t\t<div class=\"elementor-widget-wrap elementor-element-populated\">\n\t\t\t\t\t\t\t\t<div class=\"elementor-element elementor-element-9906bcd elementor-widget elementor-widget-heading\" data-id=\"9906bcd\" data-element_type=\"widget\" data-widget_type=\"heading.default\">\n\t\t\t\t<div class=\"elementor-widget-container\">\n\t\t\t<style>\/*! elementor - v3.5.6 - 28-02-2022 *\/\n.elementor-heading-title{padding:0;margin:0;line-height:1}.elementor-widget-heading .elementor-heading-title[class*=elementor-size-]>a{color:inherit;font-size:inherit;line-height:inherit}.elementor-widget-heading .elementor-heading-title.elementor-size-small{font-size:15px}.elementor-widget-heading .elementor-heading-title.elementor-size-medium{font-size:19px}.elementor-widget-heading .elementor-heading-title.elementor-size-large{font-size:29px}.elementor-widget-heading .elementor-heading-title.elementor-size-xl{font-size:39px}.elementor-widget-heading .elementor-heading-title.elementor-size-xxl{font-size:59px}<\/style><h2 class=\"elementor-heading-title elementor-size-default\">PREZENTARE<\/h2>\t\t<\/div>\n\t\t\t\t<\/div>\n\t\t\t\t\t<\/div>\n\t\t<\/div>\n\t\t\t\t\t\t\t<\/div>\n\t\t<\/section>\n\t\t\t\t<section class=\"elementor-section elementor-top-section elementor-element elementor-element-9cd08d9 elementor-section-boxed elementor-section-height-default elementor-section-height-default\" data-id=\"9cd08d9\" data-element_type=\"section\">\n\t\t\t\t\t\t<div class=\"elementor-container elementor-column-gap-default\">\n\t\t\t\t\t<div class=\"elementor-column elementor-col-100 elementor-top-column elementor-element elementor-element-d2b7802\" data-id=\"d2b7802\" data-element_type=\"column\">\n\t\t\t<div class=\"elementor-widget-wrap elementor-element-populated\">\n\t\t\t\t\t\t\t\t<div class=\"elementor-element elementor-element-2d02271 elementor-widget elementor-widget-text-editor\" data-id=\"2d02271\" data-element_type=\"widget\" data-widget_type=\"text-editor.default\">\n\t\t\t\t<div class=\"elementor-widget-container\">\n\t\t\t<style>\/*! elementor - v3.5.6 - 28-02-2022 *\/\n.elementor-widget-text-editor.elementor-drop-cap-view-stacked .elementor-drop-cap{background-color:#818a91;color:#fff}.elementor-widget-text-editor.elementor-drop-cap-view-framed .elementor-drop-cap{color:#818a91;border:3px solid;background-color:transparent}.elementor-widget-text-editor:not(.elementor-drop-cap-view-default) .elementor-drop-cap{margin-top:8px}.elementor-widget-text-editor:not(.elementor-drop-cap-view-default) .elementor-drop-cap-letter{width:1em;height:1em}.elementor-widget-text-editor .elementor-drop-cap{float:left;text-align:center;line-height:1;font-size:50px}.elementor-widget-text-editor .elementor-drop-cap-letter{display:inline-block}<\/style>\t\t\t\t<p>Turn\u0103toria din cadrul firmei noastre st\u0103 la baza produc\u021biei de utilaje IRUM: toate piesele turnate din o\u021bel, font\u0103 \u0219i bronz ce intr\u0103 \u00een construc\u021bia TAF, IFRON sau Funicular sunt produse aici, de mai bine de 60 de ani. Totodat\u0103, folosindu-ne de experien\u021ba noastr\u0103, avem capacitatea de a executa o gam\u0103 variat\u0103 de lucr\u0103ri \u00een domeniu dup\u0103 nevoile \u0219i specifica\u021biile beneficiarului.<\/p><p>Putem aminti c\u00e2teva dintre produsele principale: tamburi fr\u00e2n\u0103, discuri fr\u00e2n\u0103, butuci roat\u0103, carcase transmisie, carcase reductor, carcase distribu\u021bie, carcase diferen\u021bial, carcase ambreiaj, p\u00e2rghii ac\u021bionare, bucse, bride prindere cablu, sabo\u021bi fr\u00e2n\u0103, suport sabo\u021bi, ro\u021bi melcate, capace rulmen\u021bi, flan\u0219e, din\u021bi cup\u0103 excavator etc.<\/p><p>Baz\u00e2ndu-se pe vasta experien\u021b\u0103 \u00een domeniu, precum \u0219i pe ingineri \u0219i muncitori precepu\u021bi, Turn\u0103toria IRUM produce o gam\u0103 variat\u0103 de piese turnate din font\u0103, o\u021bel, font\u0103 mediu \u0219i \u00eenalt aliat\u0103, o\u021bel media \u0219i \u00eenalt aliat, fonte cu profil nodular, realizate prin formare manual\u0103 sau mecanizat\u0103, toate dup\u0103 cerin\u021bele clientului. (Pentru formare manual\u0103, masa maxim\u0103 este de 750kg, iar pentru formare mecanizat\u0103, 100kg.)<\/p><p><strong>Pe l\u00e2ng\u0103 experien\u021ba companiei \u0219i a for\u021bei de munc\u0103, dot\u0103rile tehnice moderne sunt un alt atu al Turn\u0103toriei IRUM, toate opera\u021biunile efectuate fiind realiazate cu eficien\u021b\u0103 \u0219i calitate maxim\u0103:<\/strong><\/p><div class=\"vc_row wpb_row vc_row-fluid\"><div class=\"wpb_column vc_column_container vc_col-sm-12\"><div class=\"vc_column-inner\"><div class=\"wpb_wrapper\"><div class=\"wpb_text_column wpb_content_element \"><div class=\"wpb_wrapper\"><ul class=\"list-style-1\"><li>Preparare amestec de formare : amestec\u0103tor tip EIRICH automat<\/li><li>Formare mecanizat\u0103 cu ma\u0219in\u0103 de format HVS-2<\/li><li>Elaborare aliaje cu cuptor de topire tip INDUCTOTERM de 750kg<\/li><li>Execu\u021bie miezuri manual sau prin \u00eempu\u0219care cu ma\u0219ina tip LAEMPE LL20 (unic\u0103 \u00een Rom\u00e2nia)<\/li><\/ul><\/div><\/div><\/div><\/div><\/div><\/div><div class=\"vc_row wpb_row vc_row-fluid\"><div class=\"wpb_column vc_column_container vc_col-sm-12\"><div class=\"vc_column-inner\">\u00a0<\/div><\/div><\/div><div class=\"vc_row wpb_row vc_row-fluid\"><div class=\"wpb_column vc_column_container vc_col-sm-12\"><div class=\"vc_column-inner\"><div class=\"wpb_wrapper\"><div class=\"wpb_text_column wpb_content_element \"><div class=\"wpb_wrapper\"><p><strong>Materiale<\/strong><\/p><ul class=\"list-style-1\"><li>EN GJL 20 \u201330 \/ DIN GG20-30<\/li><li>EN GJS 40 \u201370 \/ DIN GGG40-70<\/li><\/ul><\/div><\/div><\/div><\/div><\/div><\/div>\t\t\t\t\t\t<\/div>\n\t\t\t\t<\/div>\n\t\t\t\t\t<\/div>\n\t\t<\/div>\n\t\t\t\t\t\t\t<\/div>\n\t\t<\/section>\n\t\t\t\t\t\t<\/div>\n\t\t\t\t\t<\/div>\n\t\t","protected":false},"excerpt":{"rendered":"<p>PREZENTARE Turn\u0103toria din cadrul firmei noastre st\u0103 la baza produc\u021biei<\/p>\n","protected":false},"author":1,"featured_media":3817,"parent":399,"menu_order":0,"comment_status":"closed","ping_status":"closed","template":"elementor_header_footer","meta":{"footnotes":""},"class_list":["post-3861","page","type-page","status-publish","has-post-thumbnail","hentry"],"yoast_head":"<!-- This site is optimized with the Yoast SEO plugin v20.7 - https:\/\/yoast.com\/wordpress\/plugins\/seo\/ -->\n<title>IRUM - Servicii de turnatorie<\/title>\n<meta name=\"description\" content=\"Executam o gama variata de lucrari de turnatorie, in linie cu cerintele clientilor nostri, respectand cele mai inalte standarde de calitate.Contacteaza-ne!\" \/>\n<meta name=\"robots\" content=\"index, follow, max-snippet:-1, max-image-preview:large, max-video-preview:-1\" \/>\n<link rel=\"canonical\" href=\"https:\/\/www.irum.hu\/ro\/despre-companie\/serviciile-noastre\/turnatorie\/\" \/>\n<meta property=\"og:locale\" content=\"ro_RO\" \/>\n<meta property=\"og:type\" content=\"article\" \/>\n<meta property=\"og:title\" content=\"IRUM - Servicii de turnatorie\" \/>\n<meta property=\"og:description\" content=\"Executam o gama variata de lucrari de turnatorie, in linie cu cerintele clientilor nostri, respectand cele mai inalte standarde de calitate.Contacteaza-ne!\" \/>\n<meta property=\"og:url\" content=\"https:\/\/www.irum.hu\/ro\/despre-companie\/serviciile-noastre\/turnatorie\/\" \/>\n<meta property=\"og:site_name\" content=\"IRUM\" \/>\n<meta property=\"article:modified_time\" content=\"2022-04-18T05:38:16+00:00\" \/>\n<meta property=\"og:image\" content=\"https:\/\/www.irum.hu\/wp-content\/uploads\/2022\/03\/turnatorie-2-1110x500-1.jpg\" \/>\n\t<meta property=\"og:image:width\" content=\"1110\" \/>\n\t<meta property=\"og:image:height\" content=\"500\" \/>\n\t<meta property=\"og:image:type\" content=\"image\/jpeg\" \/>\n<meta name=\"twitter:card\" content=\"summary_large_image\" \/>\n<meta name=\"twitter:label1\" content=\"Timp estimat pentru citire\" \/>\n\t<meta name=\"twitter:data1\" content=\"2 minute\" \/>\n<script type=\"application\/ld+json\" class=\"yoast-schema-graph\">{\"@context\":\"https:\/\/schema.org\",\"@graph\":[{\"@type\":\"WebPage\",\"@id\":\"https:\/\/www.irum.hu\/ro\/despre-companie\/serviciile-noastre\/turnatorie\/\",\"url\":\"https:\/\/www.irum.hu\/ro\/despre-companie\/serviciile-noastre\/turnatorie\/\",\"name\":\"IRUM - Servicii de turnatorie\",\"isPartOf\":{\"@id\":\"https:\/\/www.irum.hu\/ro\/#website\"},\"datePublished\":\"2022-03-14T06:40:59+00:00\",\"dateModified\":\"2022-04-18T05:38:16+00:00\",\"description\":\"Executam o gama variata de lucrari de turnatorie, in linie cu cerintele clientilor nostri, respectand cele mai inalte standarde de calitate.Contacteaza-ne!\",\"breadcrumb\":{\"@id\":\"https:\/\/www.irum.hu\/ro\/despre-companie\/serviciile-noastre\/turnatorie\/#breadcrumb\"},\"inLanguage\":\"ro-RO\",\"potentialAction\":[{\"@type\":\"ReadAction\",\"target\":[\"https:\/\/www.irum.hu\/ro\/despre-companie\/serviciile-noastre\/turnatorie\/\"]}]},{\"@type\":\"BreadcrumbList\",\"@id\":\"https:\/\/www.irum.hu\/ro\/despre-companie\/serviciile-noastre\/turnatorie\/#breadcrumb\",\"itemListElement\":[{\"@type\":\"ListItem\",\"position\":1,\"name\":\"Despre noi\",\"item\":\"https:\/\/www.irum.hu\/ro\/despre-companie\/\"},{\"@type\":\"ListItem\",\"position\":2,\"name\":\"SERVICIILE NOASTRE\",\"item\":\"https:\/\/www.irum.hu\/ro\/despre-companie\/serviciile-noastre\/\"},{\"@type\":\"ListItem\",\"position\":3,\"name\":\"TURN\u0102TORIE\"}]},{\"@type\":\"WebSite\",\"@id\":\"https:\/\/www.irum.hu\/ro\/#website\",\"url\":\"https:\/\/www.irum.hu\/ro\/\",\"name\":\"IRUM\",\"description\":\"Tractoare Rom\u00e2ne\u0219ti\",\"publisher\":{\"@id\":\"https:\/\/www.irum.hu\/ro\/#organization\"},\"potentialAction\":[{\"@type\":\"SearchAction\",\"target\":{\"@type\":\"EntryPoint\",\"urlTemplate\":\"https:\/\/www.irum.hu\/ro\/?s={search_term_string}\"},\"query-input\":\"required name=search_term_string\"}],\"inLanguage\":\"ro-RO\"},{\"@type\":\"Organization\",\"@id\":\"https:\/\/www.irum.hu\/ro\/#organization\",\"name\":\"IRUM\",\"url\":\"https:\/\/www.irum.hu\/ro\/\",\"logo\":{\"@type\":\"ImageObject\",\"inLanguage\":\"ro-RO\",\"@id\":\"https:\/\/www.irum.hu\/ro\/#\/schema\/logo\/image\/\",\"url\":\"https:\/\/www.irum.hu\/wp-content\/uploads\/2022\/06\/loho_hu.png\",\"contentUrl\":\"https:\/\/www.irum.hu\/wp-content\/uploads\/2022\/06\/loho_hu.png\",\"width\":99,\"height\":141,\"caption\":\"IRUM\"},\"image\":{\"@id\":\"https:\/\/www.irum.hu\/ro\/#\/schema\/logo\/image\/\"}}]}<\/script>\n<!-- \/ Yoast SEO plugin. -->","yoast_head_json":{"title":"IRUM - Servicii de turnatorie","description":"Executam o gama variata de lucrari de turnatorie, in linie cu cerintele clientilor nostri, respectand cele mai inalte standarde de calitate.Contacteaza-ne!","robots":{"index":"index","follow":"follow","max-snippet":"max-snippet:-1","max-image-preview":"max-image-preview:large","max-video-preview":"max-video-preview:-1"},"canonical":"https:\/\/www.irum.hu\/ro\/despre-companie\/serviciile-noastre\/turnatorie\/","og_locale":"ro_RO","og_type":"article","og_title":"IRUM - Servicii de turnatorie","og_description":"Executam o gama variata de lucrari de turnatorie, in linie cu cerintele clientilor nostri, respectand cele mai inalte standarde de calitate.Contacteaza-ne!","og_url":"https:\/\/www.irum.hu\/ro\/despre-companie\/serviciile-noastre\/turnatorie\/","og_site_name":"IRUM","article_modified_time":"2022-04-18T05:38:16+00:00","og_image":[{"width":1110,"height":500,"url":"https:\/\/www.irum.hu\/wp-content\/uploads\/2022\/03\/turnatorie-2-1110x500-1.jpg","type":"image\/jpeg"}],"twitter_card":"summary_large_image","twitter_misc":{"Timp estimat pentru citire":"2 minute"},"schema":{"@context":"https:\/\/schema.org","@graph":[{"@type":"WebPage","@id":"https:\/\/www.irum.hu\/ro\/despre-companie\/serviciile-noastre\/turnatorie\/","url":"https:\/\/www.irum.hu\/ro\/despre-companie\/serviciile-noastre\/turnatorie\/","name":"IRUM - Servicii de turnatorie","isPartOf":{"@id":"https:\/\/www.irum.hu\/ro\/#website"},"datePublished":"2022-03-14T06:40:59+00:00","dateModified":"2022-04-18T05:38:16+00:00","description":"Executam o gama variata de lucrari de turnatorie, in linie cu cerintele clientilor nostri, respectand cele mai inalte standarde de calitate.Contacteaza-ne!","breadcrumb":{"@id":"https:\/\/www.irum.hu\/ro\/despre-companie\/serviciile-noastre\/turnatorie\/#breadcrumb"},"inLanguage":"ro-RO","potentialAction":[{"@type":"ReadAction","target":["https:\/\/www.irum.hu\/ro\/despre-companie\/serviciile-noastre\/turnatorie\/"]}]},{"@type":"BreadcrumbList","@id":"https:\/\/www.irum.hu\/ro\/despre-companie\/serviciile-noastre\/turnatorie\/#breadcrumb","itemListElement":[{"@type":"ListItem","position":1,"name":"Despre noi","item":"https:\/\/www.irum.hu\/ro\/despre-companie\/"},{"@type":"ListItem","position":2,"name":"SERVICIILE NOASTRE","item":"https:\/\/www.irum.hu\/ro\/despre-companie\/serviciile-noastre\/"},{"@type":"ListItem","position":3,"name":"TURN\u0102TORIE"}]},{"@type":"WebSite","@id":"https:\/\/www.irum.hu\/ro\/#website","url":"https:\/\/www.irum.hu\/ro\/","name":"IRUM","description":"Tractoare Rom\u00e2ne\u0219ti","publisher":{"@id":"https:\/\/www.irum.hu\/ro\/#organization"},"potentialAction":[{"@type":"SearchAction","target":{"@type":"EntryPoint","urlTemplate":"https:\/\/www.irum.hu\/ro\/?s={search_term_string}"},"query-input":"required name=search_term_string"}],"inLanguage":"ro-RO"},{"@type":"Organization","@id":"https:\/\/www.irum.hu\/ro\/#organization","name":"IRUM","url":"https:\/\/www.irum.hu\/ro\/","logo":{"@type":"ImageObject","inLanguage":"ro-RO","@id":"https:\/\/www.irum.hu\/ro\/#\/schema\/logo\/image\/","url":"https:\/\/www.irum.hu\/wp-content\/uploads\/2022\/06\/loho_hu.png","contentUrl":"https:\/\/www.irum.hu\/wp-content\/uploads\/2022\/06\/loho_hu.png","width":99,"height":141,"caption":"IRUM"},"image":{"@id":"https:\/\/www.irum.hu\/ro\/#\/schema\/logo\/image\/"}}]}},"_links":{"self":[{"href":"https:\/\/www.irum.hu\/ro\/wp-json\/wp\/v2\/pages\/3861","targetHints":{"allow":["GET"]}}],"collection":[{"href":"https:\/\/www.irum.hu\/ro\/wp-json\/wp\/v2\/pages"}],"about":[{"href":"https:\/\/www.irum.hu\/ro\/wp-json\/wp\/v2\/types\/page"}],"author":[{"embeddable":true,"href":"https:\/\/www.irum.hu\/ro\/wp-json\/wp\/v2\/users\/1"}],"replies":[{"embeddable":true,"href":"https:\/\/www.irum.hu\/ro\/wp-json\/wp\/v2\/comments?post=3861"}],"version-history":[{"count":0,"href":"https:\/\/www.irum.hu\/ro\/wp-json\/wp\/v2\/pages\/3861\/revisions"}],"up":[{"embeddable":true,"href":"https:\/\/www.irum.hu\/ro\/wp-json\/wp\/v2\/pages\/399"}],"wp:featuredmedia":[{"embeddable":true,"href":"https:\/\/www.irum.hu\/ro\/wp-json\/wp\/v2\/media\/3817"}],"wp:attachment":[{"href":"https:\/\/www.irum.hu\/ro\/wp-json\/wp\/v2\/media?parent=3861"}],"curies":[{"name":"wp","href":"https:\/\/api.w.org\/{rel}","templated":true}]}}