{"id":10912,"date":"2022-04-19T10:54:28","date_gmt":"2022-04-19T10:54:28","guid":{"rendered":"https:\/\/www.irum.hu\/?page_id=10912"},"modified":"2022-04-20T09:32:31","modified_gmt":"2022-04-20T09:32:31","slug":"controlor-calitate-utilaje-forestiere-si-agricole","status":"publish","type":"page","link":"https:\/\/www.irum.hu\/ro\/despre-companie\/cariera\/controlor-calitate-utilaje-forestiere-si-agricole\/","title":{"rendered":"Controlor calitate \u2013 utilaje forestiere \u0219i agricole"},"content":{"rendered":"\t\t<div data-elementor-type=\"wp-page\" data-elementor-id=\"10912\" class=\"elementor elementor-10912\" data-elementor-settings=\"[]\">\n\t\t\t\t\t\t\t<div class=\"elementor-section-wrap\">\n\t\t\t\t\t\t\t<section class=\"elementor-section elementor-top-section elementor-element elementor-element-a90fbfb elementor-hidden-mobile elementor-section-boxed elementor-section-height-default elementor-section-height-default\" data-id=\"a90fbfb\" data-element_type=\"section\">\n\t\t\t\t\t\t<div class=\"elementor-container elementor-column-gap-default\">\n\t\t\t\t\t<div class=\"elementor-column elementor-col-100 elementor-top-column elementor-element elementor-element-8466004\" data-id=\"8466004\" data-element_type=\"column\">\n\t\t\t<div class=\"elementor-widget-wrap elementor-element-populated\">\n\t\t\t\t\t\t\t\t<div class=\"elementor-element elementor-element-4d5ea19 elementor-widget elementor-widget-spacer\" data-id=\"4d5ea19\" data-element_type=\"widget\" data-widget_type=\"spacer.default\">\n\t\t\t\t<div class=\"elementor-widget-container\">\n\t\t\t\t\t<div class=\"elementor-spacer\">\n\t\t\t<div class=\"elementor-spacer-inner\"><\/div>\n\t\t<\/div>\n\t\t\t\t<\/div>\n\t\t\t\t<\/div>\n\t\t\t\t\t<\/div>\n\t\t<\/div>\n\t\t\t\t\t\t\t<\/div>\n\t\t<\/section>\n\t\t\t\t<section class=\"elementor-section elementor-top-section elementor-element elementor-element-bb554e4 elementor-hidden-desktop elementor-hidden-tablet elementor-section-boxed elementor-section-height-default elementor-section-height-default\" data-id=\"bb554e4\" data-element_type=\"section\">\n\t\t\t\t\t\t<div class=\"elementor-container elementor-column-gap-default\">\n\t\t\t\t\t<div class=\"elementor-column elementor-col-100 elementor-top-column elementor-element elementor-element-2a49894\" data-id=\"2a49894\" data-element_type=\"column\">\n\t\t\t<div class=\"elementor-widget-wrap elementor-element-populated\">\n\t\t\t\t\t\t\t\t<div class=\"elementor-element elementor-element-39b7635 elementor-widget elementor-widget-spacer\" data-id=\"39b7635\" data-element_type=\"widget\" data-widget_type=\"spacer.default\">\n\t\t\t\t<div class=\"elementor-widget-container\">\n\t\t\t\t\t<div class=\"elementor-spacer\">\n\t\t\t<div class=\"elementor-spacer-inner\"><\/div>\n\t\t<\/div>\n\t\t\t\t<\/div>\n\t\t\t\t<\/div>\n\t\t\t\t\t<\/div>\n\t\t<\/div>\n\t\t\t\t\t\t\t<\/div>\n\t\t<\/section>\n\t\t\t\t<section class=\"elementor-section elementor-top-section elementor-element elementor-element-88abe83 elementor-section-boxed elementor-section-height-default elementor-section-height-default\" data-id=\"88abe83\" data-element_type=\"section\">\n\t\t\t\t\t\t<div class=\"elementor-container elementor-column-gap-default\">\n\t\t\t\t\t<div class=\"elementor-column elementor-col-100 elementor-top-column elementor-element elementor-element-0f29012\" data-id=\"0f29012\" data-element_type=\"column\">\n\t\t\t<div class=\"elementor-widget-wrap elementor-element-populated\">\n\t\t\t\t\t\t\t\t<div class=\"elementor-element elementor-element-d8c32e6 elementor-widget elementor-widget-heading\" data-id=\"d8c32e6\" data-element_type=\"widget\" data-widget_type=\"heading.default\">\n\t\t\t\t<div class=\"elementor-widget-container\">\n\t\t\t<style>\/*! elementor - v3.5.6 - 28-02-2022 *\/\n.elementor-heading-title{padding:0;margin:0;line-height:1}.elementor-widget-heading .elementor-heading-title[class*=elementor-size-]>a{color:inherit;font-size:inherit;line-height:inherit}.elementor-widget-heading .elementor-heading-title.elementor-size-small{font-size:15px}.elementor-widget-heading .elementor-heading-title.elementor-size-medium{font-size:19px}.elementor-widget-heading .elementor-heading-title.elementor-size-large{font-size:29px}.elementor-widget-heading .elementor-heading-title.elementor-size-xl{font-size:39px}.elementor-widget-heading .elementor-heading-title.elementor-size-xxl{font-size:59px}<\/style><h2 class=\"elementor-heading-title elementor-size-default\">Controlor calitate \u2013 utilaje forestiere \u0219i agricole<\/h2>\t\t<\/div>\n\t\t\t\t<\/div>\n\t\t\t\t\t<\/div>\n\t\t<\/div>\n\t\t\t\t\t\t\t<\/div>\n\t\t<\/section>\n\t\t\t\t<section class=\"elementor-section elementor-top-section elementor-element elementor-element-1c8855e elementor-section-boxed elementor-section-height-default elementor-section-height-default\" data-id=\"1c8855e\" data-element_type=\"section\">\n\t\t\t\t\t\t<div class=\"elementor-container elementor-column-gap-default\">\n\t\t\t\t\t<div class=\"elementor-column elementor-col-66 elementor-top-column elementor-element elementor-element-341f28d\" data-id=\"341f28d\" data-element_type=\"column\">\n\t\t\t<div class=\"elementor-widget-wrap elementor-element-populated\">\n\t\t\t\t\t\t\t\t<div class=\"elementor-element elementor-element-5e37a5a elementor-widget elementor-widget-text-editor\" data-id=\"5e37a5a\" data-element_type=\"widget\" data-widget_type=\"text-editor.default\">\n\t\t\t\t<div class=\"elementor-widget-container\">\n\t\t\t<style>\/*! elementor - v3.5.6 - 28-02-2022 *\/\n.elementor-widget-text-editor.elementor-drop-cap-view-stacked .elementor-drop-cap{background-color:#818a91;color:#fff}.elementor-widget-text-editor.elementor-drop-cap-view-framed .elementor-drop-cap{color:#818a91;border:3px solid;background-color:transparent}.elementor-widget-text-editor:not(.elementor-drop-cap-view-default) .elementor-drop-cap{margin-top:8px}.elementor-widget-text-editor:not(.elementor-drop-cap-view-default) .elementor-drop-cap-letter{width:1em;height:1em}.elementor-widget-text-editor .elementor-drop-cap{float:left;text-align:center;line-height:1;font-size:50px}.elementor-widget-text-editor .elementor-drop-cap-letter{display:inline-block}<\/style>\t\t\t\t<p><strong>Candidatul ideal <\/strong><\/p><ul><li>Studii medii \u00een domeniul tehnic-mecanic.<\/li><li>Cunoa\u0219terea pachetului MS Office.<\/li><li>Cuno\u0219tin\u021be desen tehnic.<\/li><li>Cuno\u015ftin\u0163e de utilizare ale echipamentelor de m\u0103surare (\u015fublere, micrometre, lere, comparatoare, etc).<\/li><li>Permis de conducere, minim cat. B.<\/li><li>Capacitate de planificare \u0219i organizare la nivel de sarcini primite.<\/li><li>Aten\u021bie distributiv\u0103, spirit de observa\u021bie, aten\u021bie la detalii.<\/li><li>Abilit\u0103\u021bi de comunicare, pentru a colabora eficient at\u00e2t cu echipa c\u00e2t \u0219i cu produc\u021bia.<\/li><\/ul><p>Ca \u00een orice domeniu experien\u021ba este un plus, \u00eens\u0103 baza a ceea ce c\u0103ut\u0103m este o persoan\u0103 dispus\u0103 s\u0103 \u00eenve\u021be, \u00a0atent\u0103 la detalii, care face conexiuni u\u015for, identific\u0103 sursa problemei \u015fi g\u0103se\u0219te solu\u0163ii rapide \u015fi relevante.<\/p><p><strong>Descrierea jobului<\/strong><\/p><ul><li>Efectueaz\u0103 controlul final al vehiculelor forestiere \u0219i agricole comercializate de c\u0103tre companie.<\/li><li>Testeaz\u0103 vehiculele precum \u0219i echipamentele montate pe acestea prin \u00eencerc\u0103ri de func\u021bionare \u0219i rodaj.<\/li><li>Se implic\u0103 \u00een gestionarea reclama\u021biilor de la clien\u021bi \u0219i a neconformit\u0103\u021bilor ap\u0103rute intern, particip\u00e2nd activ \u00een actualizarea procedurilor de verificare.<\/li><li>\u00centocme\u0219te rapoarte de neconformitate, cu scopul de a controla, elimina \u0219i \u00eembun\u0103ta\u021bi toate aspectele legate de calitate, mediu \u0219i SSM.<\/li><li>Ini\u021biaz\u0103 \u0219i conduce inspec\u021biile pentru vehicule \u0219i subansambluri \u00een conformitate cu documenta\u021bia aferent\u0103, sub \u00eendrumarea inginerului de calitate.<\/li><li>Urm\u0103re\u0219te realizarea \u0219i respectarea ac\u021biunilor corective de c\u0103tre persoanele nominalizate, la termenele stabilite, cu scopul de a verifica eficacitatea implement\u0103rii acestor m\u0103suri.<\/li><li>Asigur\u0103 \u00eenregistrarea rezultatelor testelor\/verific\u0103rilor cu acurate\u021be iar neconformit\u0103\u021bile sunt comunicate conform procedurilor interne.<\/li><\/ul><p><strong>Beneficii:<\/strong><\/p><ul><li>Mediu de lucru pl\u0103cut \u0219i competitiv.<\/li><li>Suport continuu pentru cre\u0219terea profesional\u0103.<\/li><li>Pachet salarial atractiv, incluz\u00e2nd tichete de mas\u0103.<\/li><li>Integrare \u0219i formare profesional\u0103.<\/li><\/ul><p><strong>Descrierea companiei<\/strong><\/p><p>IRUM este o companie rom\u00e2neasc\u0103 cu capital privat localizat\u0103 \u00een Reghin jud. Mure\u0219. Are peste 500 de angaja\u021bi \u0219i o experien\u021b\u0103 de aproape 70 de ani \u00a0\u00een construc\u021bia de ma\u0219ini \u0219i utilaje destinate industriei forestiere \u0219i agricole.<\/p><p>V\u0103 a\u0219tept\u0103m pe <a href=\"http:\/\/www.irum.ro\">www.irum.ro<\/a><\/p>\t\t\t\t\t\t<\/div>\n\t\t\t\t<\/div>\n\t\t\t\t\t<\/div>\n\t\t<\/div>\n\t\t\t\t<div class=\"elementor-column elementor-col-33 elementor-top-column elementor-element elementor-element-fabbcfa job\" data-id=\"fabbcfa\" data-element_type=\"column\">\n\t\t\t<div class=\"elementor-widget-wrap elementor-element-populated\">\n\t\t\t\t\t\t\t\t<div class=\"elementor-element elementor-element-8c25dcb elementor-widget elementor-widget-karde_contact_us\" data-id=\"8c25dcb\" data-element_type=\"widget\" data-widget_type=\"karde_contact_us.default\">\n\t\t\t\t<div class=\"elementor-widget-container\">\n\t\t\t <section class=\"main_contact_area p_100\">\n\t\t\t<div class=\"container\">\n\t\t\t\t<div class=\"flag_center_title wow animated fadeInLeft\" data-wow-delay=\"0\">\n\t\t\t\t\t<h2><\/h2>\n\t\t\t\t<\/div>\n\t\t\t\t<div class=\"main_contact_inner\">\n\t\t<div class=\"elementor-shortcode kardecore-cf7-0\">\n<div class=\"wpcf7 no-js\" id=\"wpcf7-f10562-o1\" lang=\"ro-RO\" dir=\"ltr\">\n<div class=\"screen-reader-response\"><p role=\"status\" aria-live=\"polite\" aria-atomic=\"true\"><\/p> <ul><\/ul><\/div>\n<form action=\"\/ro\/wp-json\/wp\/v2\/pages\/10912#wpcf7-f10562-o1\" method=\"post\" class=\"wpcf7-form init\" aria-label=\"Formular de contact\" enctype=\"multipart\/form-data\" novalidate=\"novalidate\" data-status=\"init\">\n<div style=\"display: none;\">\n<input type=\"hidden\" name=\"_wpcf7\" value=\"10562\" \/>\n<input type=\"hidden\" name=\"_wpcf7_version\" value=\"5.7.6\" \/>\n<input type=\"hidden\" name=\"_wpcf7_locale\" value=\"ro_RO\" \/>\n<input type=\"hidden\" name=\"_wpcf7_unit_tag\" value=\"wpcf7-f10562-o1\" \/>\n<input type=\"hidden\" name=\"_wpcf7_container_post\" value=\"0\" \/>\n<input type=\"hidden\" name=\"_wpcf7_posted_data_hash\" value=\"\" \/>\n<input type=\"hidden\" name=\"_wpcf7_recaptcha_response\" value=\"\" \/>\n<\/div>\n<div class=\"row contact_form\" id=\"contactForm\">\n\t<div class=\"form-group col-md-12\">\n\t\t<p><span class=\"wpcf7-form-control-wrap\" data-name=\"menu-835\"><select class=\"wpcf7-form-control wpcf7-select wpcf7-validates-as-required nice_select\" aria-required=\"true\" aria-invalid=\"false\" name=\"menu-835\"><option value=\"Departament Tehnic\">Departament Tehnic<\/option><option value=\"Proiectant inginer\">Proiectant inginer<\/option><option value=\"Turn\u0103tor \u2013 formator\">Turn\u0103tor \u2013 formator<\/option><option value=\"Inginer\">Inginer<\/option><option value=\"Mecanic \u00eentre\u021binere \u0219i repara\u021bii utilaje\/ma\u0219ini unelte\">Mecanic \u00eentre\u021binere \u0219i repara\u021bii utilaje\/ma\u0219ini unelte<\/option><option value=\"Inginer proiectare cablaje utilaje agricole \u0219i forestiere\">Inginer proiectare cablaje utilaje agricole \u0219i forestiere<\/option><option value=\"Inginer tehnolog metalurg\">Inginer tehnolog metalurg<\/option><option value=\"Inginer mecanic procese de asamblare\">Inginer mecanic procese de asamblare<\/option><option value=\"Mecanic utilaje agricole\/forestiere\">Mecanic utilaje agricole\/forestiere<\/option><option value=\"Prelucr\u0103tor prin a\u0219chiere\">Prelucr\u0103tor prin a\u0219chiere<\/option><option value=\"Sudor\">Sudor<\/option><option value=\"Operator CNC\">Operator CNC<\/option><option value=\"Electrician utilaje agricole\/forestiere\">Electrician utilaje agricole\/forestiere<\/option><option value=\"L\u0103c\u0103tu\u0219 mecanic\">L\u0103c\u0103tu\u0219 mecanic<\/option><\/select><\/span>\n\t\t<\/p>\n\t<\/div>\n\t<div class=\"form-group col-md-12\">\n\t\t<p><span class=\"wpcf7-form-control-wrap\" data-name=\"nume\"><input size=\"40\" class=\"wpcf7-form-control wpcf7-text wpcf7-validates-as-required form-control\" id=\"name\" aria-required=\"true\" aria-invalid=\"false\" placeholder=\"Nume\" value=\"\" type=\"text\" name=\"nume\" \/><\/span>\n\t\t<\/p>\n\t<\/div>\n\t<div class=\"form-group col-md-12\">\n\t\t<p><span class=\"wpcf7-form-control-wrap\" data-name=\"email\"><input size=\"40\" class=\"wpcf7-form-control wpcf7-text wpcf7-email wpcf7-validates-as-required wpcf7-validates-as-email form-control\" id=\"email\" aria-required=\"true\" aria-invalid=\"false\" placeholder=\"Email\" value=\"\" type=\"email\" name=\"email\" \/><\/span>\n\t\t<\/p>\n\t<\/div>\n\t<div class=\"form-group col-md-12\">\n\t\t<p><span class=\"wpcf7-form-control-wrap\" data-name=\"telefon\"><input size=\"40\" class=\"wpcf7-form-control wpcf7-text wpcf7-validates-as-required form-control\" id=\"number\" aria-required=\"true\" aria-invalid=\"false\" placeholder=\"Telefon\" value=\"\" type=\"text\" name=\"telefon\" \/><\/span>\n\t\t<\/p>\n\t<\/div>\n\t<div class=\"form-group col-md-12\">\n\t\t<p>CV Electronic\n\t\t<\/p>\n\t\t<p><span class=\"wpcf7-form-control-wrap\" data-name=\"file-279\"><input size=\"40\" class=\"wpcf7-form-control wpcf7-file wpcf7-validates-as-required test\" accept=\".pdf,.docx,.doc,.zip,.rar,.txt\" aria-required=\"true\" aria-invalid=\"false\" type=\"file\" name=\"file-279\" \/><\/span>\n\t\t<\/p>\n\t<\/div>\n\t<div class=\"form-group col-md-12\">\n\t\t<p><span class=\"wpcf7-form-control-wrap\" data-name=\"message\"><textarea cols=\"40\" rows=\"10\" class=\"wpcf7-form-control wpcf7-textarea wpcf7-validates-as-required form-control\" id=\"message\" aria-required=\"true\" aria-invalid=\"false\" placeholder=\"Mesajul tau\" name=\"message\"><\/textarea><\/span>\n\t\t<\/p>\n\t<\/div>\n\t<div class=\"form-group col-md-12\">\n\t\t<p><span class=\"wpcf7-form-control-wrap\" data-name=\"acceptance-845\"><span class=\"wpcf7-form-control wpcf7-acceptance\"><span class=\"wpcf7-list-item\"><label><input type=\"checkbox\" name=\"acceptance-845\" value=\"1\" aria-invalid=\"false\" \/><span class=\"wpcf7-list-item-label\">Sunt de acord cu politica de confiden\u0163ialitate a firmei, politica ce o g\u0103sesc <a href=\"https:\/\/www.irum.hu\/politica-de-confidentialitate\/\">aici<\/a>!<\/span><\/label><\/span><\/span><\/span>\n\t\t<\/p>\n\t<\/div>\n\t<div class=\"form-group col-md-12\">\n\t<span class=\"wpcf7-form-control-wrap recaptcha\" data-name=\"recaptcha\"><span data-sitekey=\"6LccezogAAAAAOBLrzWLvv0A16hg0CfZbLIM_z5L\" data-align=\"center\" class=\"wpcf7-form-control g-recaptcha wpcf7-recaptcha\"><\/span>\r\n<noscript>\r\n\t<div class=\"grecaptcha-noscript\">\r\n\t\t<iframe loading=\"lazy\" src=\"https:\/\/www.google.com\/recaptcha\/api\/fallback?k=6LccezogAAAAAOBLrzWLvv0A16hg0CfZbLIM_z5L\" frameborder=\"0\" scrolling=\"no\" width=\"310\" height=\"430\">\r\n\t\t<\/iframe>\r\n\t\t<textarea name=\"g-recaptcha-response\" rows=\"3\" cols=\"40\" placeholder=\"reCaptcha Response Here\">\r\n\t\t<\/textarea>\r\n\t<\/div>\r\n<\/noscript>\r\n<\/span>\n\t<\/div>\n\t<div class=\"form-group center-btn col-md-12\">\n\t\t<p><input class=\"wpcf7-form-control has-spinner wpcf7-submit btn submit_btn red form-control\" type=\"submit\" value=\"Trimite CV\" \/>\n\t\t<\/p>\n\t<\/div>\n<\/div><div class=\"wpcf7-response-output\" aria-hidden=\"true\"><\/div>\n<\/form>\n<\/div>\n<\/div>\t\t\t\t<\/div>\n\t\t\t<\/div>\n\t\t<\/section> \n\t\t\t\t<\/div>\n\t\t\t\t<\/div>\n\t\t\t\t\t<\/div>\n\t\t<\/div>\n\t\t\t\t\t\t\t<\/div>\n\t\t<\/section>\n\t\t\t\t\t\t<\/div>\n\t\t\t\t\t<\/div>\n\t\t","protected":false},"excerpt":{"rendered":"<p>Controlor calitate \u2013 utilaje forestiere \u0219i agricole Candidatul ideal Studii<\/p>\n","protected":false},"author":1,"featured_media":10654,"parent":4184,"menu_order":0,"comment_status":"closed","ping_status":"closed","template":"elementor_header_footer","meta":{"footnotes":""},"class_list":["post-10912","page","type-page","status-publish","has-post-thumbnail","hentry"],"yoast_head":"<!-- This site is optimized with the Yoast SEO plugin v20.7 - https:\/\/yoast.com\/wordpress\/plugins\/seo\/ -->\n<title>Controlor calitate \u2013 utilaje forestiere \u0219i agricole - IRUM<\/title>\n<meta name=\"robots\" content=\"index, follow, max-snippet:-1, max-image-preview:large, max-video-preview:-1\" \/>\n<link rel=\"canonical\" href=\"https:\/\/www.irum.hu\/ro\/despre-companie\/cariera\/controlor-calitate-utilaje-forestiere-si-agricole\/\" \/>\n<meta property=\"og:locale\" content=\"ro_RO\" \/>\n<meta property=\"og:type\" content=\"article\" \/>\n<meta property=\"og:title\" content=\"Controlor calitate \u2013 utilaje forestiere \u0219i agricole - IRUM\" \/>\n<meta property=\"og:description\" content=\"Controlor calitate \u2013 utilaje forestiere \u0219i agricole Candidatul ideal Studii\" \/>\n<meta property=\"og:url\" content=\"https:\/\/www.irum.hu\/ro\/despre-companie\/cariera\/controlor-calitate-utilaje-forestiere-si-agricole\/\" \/>\n<meta property=\"og:site_name\" content=\"IRUM\" \/>\n<meta property=\"article:modified_time\" content=\"2022-04-20T09:32:31+00:00\" \/>\n<meta property=\"og:image\" content=\"https:\/\/www.irum.hu\/wp-content\/uploads\/2022\/04\/cariera.png\" \/>\n\t<meta property=\"og:image:width\" content=\"1920\" \/>\n\t<meta property=\"og:image:height\" content=\"1080\" \/>\n\t<meta property=\"og:image:type\" content=\"image\/png\" \/>\n<meta name=\"twitter:card\" content=\"summary_large_image\" \/>\n<meta name=\"twitter:label1\" content=\"Timp estimat pentru citire\" \/>\n\t<meta name=\"twitter:data1\" content=\"2 minute\" \/>\n<script type=\"application\/ld+json\" class=\"yoast-schema-graph\">{\"@context\":\"https:\/\/schema.org\",\"@graph\":[{\"@type\":\"WebPage\",\"@id\":\"https:\/\/www.irum.hu\/ro\/despre-companie\/cariera\/controlor-calitate-utilaje-forestiere-si-agricole\/\",\"url\":\"https:\/\/www.irum.hu\/ro\/despre-companie\/cariera\/controlor-calitate-utilaje-forestiere-si-agricole\/\",\"name\":\"Controlor calitate \u2013 utilaje forestiere \u0219i agricole - IRUM\",\"isPartOf\":{\"@id\":\"https:\/\/www.irum.hu\/ro\/#website\"},\"datePublished\":\"2022-04-19T10:54:28+00:00\",\"dateModified\":\"2022-04-20T09:32:31+00:00\",\"breadcrumb\":{\"@id\":\"https:\/\/www.irum.hu\/ro\/despre-companie\/cariera\/controlor-calitate-utilaje-forestiere-si-agricole\/#breadcrumb\"},\"inLanguage\":\"ro-RO\",\"potentialAction\":[{\"@type\":\"ReadAction\",\"target\":[\"https:\/\/www.irum.hu\/ro\/despre-companie\/cariera\/controlor-calitate-utilaje-forestiere-si-agricole\/\"]}]},{\"@type\":\"BreadcrumbList\",\"@id\":\"https:\/\/www.irum.hu\/ro\/despre-companie\/cariera\/controlor-calitate-utilaje-forestiere-si-agricole\/#breadcrumb\",\"itemListElement\":[{\"@type\":\"ListItem\",\"position\":1,\"name\":\"Despre noi\",\"item\":\"https:\/\/www.irum.hu\/ro\/despre-companie\/\"},{\"@type\":\"ListItem\",\"position\":2,\"name\":\"CARIER\u0102\",\"item\":\"https:\/\/www.irum.hu\/ro\/despre-companie\/cariera\/\"},{\"@type\":\"ListItem\",\"position\":3,\"name\":\"Controlor calitate \u2013 utilaje forestiere \u0219i agricole\"}]},{\"@type\":\"WebSite\",\"@id\":\"https:\/\/www.irum.hu\/ro\/#website\",\"url\":\"https:\/\/www.irum.hu\/ro\/\",\"name\":\"IRUM\",\"description\":\"Tractoare Rom\u00e2ne\u0219ti\",\"publisher\":{\"@id\":\"https:\/\/www.irum.hu\/ro\/#organization\"},\"potentialAction\":[{\"@type\":\"SearchAction\",\"target\":{\"@type\":\"EntryPoint\",\"urlTemplate\":\"https:\/\/www.irum.hu\/ro\/?s={search_term_string}\"},\"query-input\":\"required name=search_term_string\"}],\"inLanguage\":\"ro-RO\"},{\"@type\":\"Organization\",\"@id\":\"https:\/\/www.irum.hu\/ro\/#organization\",\"name\":\"IRUM\",\"url\":\"https:\/\/www.irum.hu\/ro\/\",\"logo\":{\"@type\":\"ImageObject\",\"inLanguage\":\"ro-RO\",\"@id\":\"https:\/\/www.irum.hu\/ro\/#\/schema\/logo\/image\/\",\"url\":\"https:\/\/www.irum.hu\/wp-content\/uploads\/2022\/06\/loho_hu.png\",\"contentUrl\":\"https:\/\/www.irum.hu\/wp-content\/uploads\/2022\/06\/loho_hu.png\",\"width\":99,\"height\":141,\"caption\":\"IRUM\"},\"image\":{\"@id\":\"https:\/\/www.irum.hu\/ro\/#\/schema\/logo\/image\/\"}}]}<\/script>\n<!-- \/ Yoast SEO plugin. -->","yoast_head_json":{"title":"Controlor calitate \u2013 utilaje forestiere \u0219i agricole - IRUM","robots":{"index":"index","follow":"follow","max-snippet":"max-snippet:-1","max-image-preview":"max-image-preview:large","max-video-preview":"max-video-preview:-1"},"canonical":"https:\/\/www.irum.hu\/ro\/despre-companie\/cariera\/controlor-calitate-utilaje-forestiere-si-agricole\/","og_locale":"ro_RO","og_type":"article","og_title":"Controlor calitate \u2013 utilaje forestiere \u0219i agricole - IRUM","og_description":"Controlor calitate \u2013 utilaje forestiere \u0219i agricole Candidatul ideal Studii","og_url":"https:\/\/www.irum.hu\/ro\/despre-companie\/cariera\/controlor-calitate-utilaje-forestiere-si-agricole\/","og_site_name":"IRUM","article_modified_time":"2022-04-20T09:32:31+00:00","og_image":[{"width":1920,"height":1080,"url":"https:\/\/www.irum.hu\/wp-content\/uploads\/2022\/04\/cariera.png","type":"image\/png"}],"twitter_card":"summary_large_image","twitter_misc":{"Timp estimat pentru citire":"2 minute"},"schema":{"@context":"https:\/\/schema.org","@graph":[{"@type":"WebPage","@id":"https:\/\/www.irum.hu\/ro\/despre-companie\/cariera\/controlor-calitate-utilaje-forestiere-si-agricole\/","url":"https:\/\/www.irum.hu\/ro\/despre-companie\/cariera\/controlor-calitate-utilaje-forestiere-si-agricole\/","name":"Controlor calitate \u2013 utilaje forestiere \u0219i agricole - IRUM","isPartOf":{"@id":"https:\/\/www.irum.hu\/ro\/#website"},"datePublished":"2022-04-19T10:54:28+00:00","dateModified":"2022-04-20T09:32:31+00:00","breadcrumb":{"@id":"https:\/\/www.irum.hu\/ro\/despre-companie\/cariera\/controlor-calitate-utilaje-forestiere-si-agricole\/#breadcrumb"},"inLanguage":"ro-RO","potentialAction":[{"@type":"ReadAction","target":["https:\/\/www.irum.hu\/ro\/despre-companie\/cariera\/controlor-calitate-utilaje-forestiere-si-agricole\/"]}]},{"@type":"BreadcrumbList","@id":"https:\/\/www.irum.hu\/ro\/despre-companie\/cariera\/controlor-calitate-utilaje-forestiere-si-agricole\/#breadcrumb","itemListElement":[{"@type":"ListItem","position":1,"name":"Despre noi","item":"https:\/\/www.irum.hu\/ro\/despre-companie\/"},{"@type":"ListItem","position":2,"name":"CARIER\u0102","item":"https:\/\/www.irum.hu\/ro\/despre-companie\/cariera\/"},{"@type":"ListItem","position":3,"name":"Controlor calitate \u2013 utilaje forestiere \u0219i agricole"}]},{"@type":"WebSite","@id":"https:\/\/www.irum.hu\/ro\/#website","url":"https:\/\/www.irum.hu\/ro\/","name":"IRUM","description":"Tractoare Rom\u00e2ne\u0219ti","publisher":{"@id":"https:\/\/www.irum.hu\/ro\/#organization"},"potentialAction":[{"@type":"SearchAction","target":{"@type":"EntryPoint","urlTemplate":"https:\/\/www.irum.hu\/ro\/?s={search_term_string}"},"query-input":"required name=search_term_string"}],"inLanguage":"ro-RO"},{"@type":"Organization","@id":"https:\/\/www.irum.hu\/ro\/#organization","name":"IRUM","url":"https:\/\/www.irum.hu\/ro\/","logo":{"@type":"ImageObject","inLanguage":"ro-RO","@id":"https:\/\/www.irum.hu\/ro\/#\/schema\/logo\/image\/","url":"https:\/\/www.irum.hu\/wp-content\/uploads\/2022\/06\/loho_hu.png","contentUrl":"https:\/\/www.irum.hu\/wp-content\/uploads\/2022\/06\/loho_hu.png","width":99,"height":141,"caption":"IRUM"},"image":{"@id":"https:\/\/www.irum.hu\/ro\/#\/schema\/logo\/image\/"}}]}},"_links":{"self":[{"href":"https:\/\/www.irum.hu\/ro\/wp-json\/wp\/v2\/pages\/10912","targetHints":{"allow":["GET"]}}],"collection":[{"href":"https:\/\/www.irum.hu\/ro\/wp-json\/wp\/v2\/pages"}],"about":[{"href":"https:\/\/www.irum.hu\/ro\/wp-json\/wp\/v2\/types\/page"}],"author":[{"embeddable":true,"href":"https:\/\/www.irum.hu\/ro\/wp-json\/wp\/v2\/users\/1"}],"replies":[{"embeddable":true,"href":"https:\/\/www.irum.hu\/ro\/wp-json\/wp\/v2\/comments?post=10912"}],"version-history":[{"count":0,"href":"https:\/\/www.irum.hu\/ro\/wp-json\/wp\/v2\/pages\/10912\/revisions"}],"up":[{"embeddable":true,"href":"https:\/\/www.irum.hu\/ro\/wp-json\/wp\/v2\/pages\/4184"}],"wp:featuredmedia":[{"embeddable":true,"href":"https:\/\/www.irum.hu\/ro\/wp-json\/wp\/v2\/media\/10654"}],"wp:attachment":[{"href":"https:\/\/www.irum.hu\/ro\/wp-json\/wp\/v2\/media?parent=10912"}],"curies":[{"name":"wp","href":"https:\/\/api.w.org\/{rel}","templated":true}]}}