{"id":6922,"date":"2019-12-30T11:09:12","date_gmt":"2019-12-30T11:09:12","guid":{"rendered":"https:\/\/www.irum.hu\/contact-us\/"},"modified":"2026-03-20T11:38:21","modified_gmt":"2026-03-20T11:38:21","slug":"contact","status":"publish","type":"page","link":"https:\/\/www.irum.hu\/en\/contact\/","title":{"rendered":"Contact Us"},"content":{"rendered":"\t\t<div data-elementor-type=\"wp-page\" data-elementor-id=\"6922\" class=\"elementor elementor-6922 elementor-1737\" data-elementor-settings=\"[]\">\n\t\t\t\t\t\t\t<div class=\"elementor-section-wrap\">\n\t\t\t\t\t\t\t<section class=\"elementor-section elementor-top-section elementor-element elementor-element-80f6c05 elementor-section-boxed elementor-section-height-default elementor-section-height-default\" data-id=\"80f6c05\" data-element_type=\"section\">\n\t\t\t\t\t\t<div class=\"elementor-container elementor-column-gap-default\">\n\t\t\t\t\t<div class=\"elementor-column elementor-col-100 elementor-top-column elementor-element elementor-element-6024afc\" data-id=\"6024afc\" data-element_type=\"column\">\n\t\t\t<div class=\"elementor-widget-wrap elementor-element-populated\">\n\t\t\t\t\t\t\t\t<div class=\"elementor-element elementor-element-a13bc45 elementor-widget elementor-widget-spacer\" data-id=\"a13bc45\" data-element_type=\"widget\" data-widget_type=\"spacer.default\">\n\t\t\t\t<div class=\"elementor-widget-container\">\n\t\t\t\t\t<div class=\"elementor-spacer\">\n\t\t\t<div class=\"elementor-spacer-inner\"><\/div>\n\t\t<\/div>\n\t\t\t\t<\/div>\n\t\t\t\t<\/div>\n\t\t\t\t<div class=\"elementor-element elementor-element-d9f7f15 elementor-widget elementor-widget-heading\" data-id=\"d9f7f15\" data-element_type=\"widget\" data-widget_type=\"heading.default\">\n\t\t\t\t<div class=\"elementor-widget-container\">\n\t\t\t<style>\/*! elementor - v3.5.6 - 28-02-2022 *\/\n.elementor-heading-title{padding:0;margin:0;line-height:1}.elementor-widget-heading .elementor-heading-title[class*=elementor-size-]>a{color:inherit;font-size:inherit;line-height:inherit}.elementor-widget-heading .elementor-heading-title.elementor-size-small{font-size:15px}.elementor-widget-heading .elementor-heading-title.elementor-size-medium{font-size:19px}.elementor-widget-heading .elementor-heading-title.elementor-size-large{font-size:29px}.elementor-widget-heading .elementor-heading-title.elementor-size-xl{font-size:39px}.elementor-widget-heading .elementor-heading-title.elementor-size-xxl{font-size:59px}<\/style><h2 class=\"elementor-heading-title elementor-size-default\">Contact Us<\/h2>\t\t<\/div>\n\t\t\t\t<\/div>\n\t\t\t\t<div class=\"elementor-element elementor-element-0903ca0 elementor-widget elementor-widget-spacer\" data-id=\"0903ca0\" data-element_type=\"widget\" data-widget_type=\"spacer.default\">\n\t\t\t\t<div class=\"elementor-widget-container\">\n\t\t\t\t\t<div class=\"elementor-spacer\">\n\t\t\t<div class=\"elementor-spacer-inner\"><\/div>\n\t\t<\/div>\n\t\t\t\t<\/div>\n\t\t\t\t<\/div>\n\t\t\t\t\t<\/div>\n\t\t<\/div>\n\t\t\t\t\t\t\t<\/div>\n\t\t<\/section>\n\t\t\t\t<section class=\"elementor-section elementor-top-section elementor-element elementor-element-eba8e6b elementor-section-boxed elementor-section-height-default elementor-section-height-default\" data-id=\"eba8e6b\" data-element_type=\"section\">\n\t\t\t\t\t\t<div class=\"elementor-container elementor-column-gap-default\">\n\t\t\t\t\t<div class=\"elementor-column elementor-col-50 elementor-top-column elementor-element elementor-element-0145fa5\" data-id=\"0145fa5\" data-element_type=\"column\">\n\t\t\t<div class=\"elementor-widget-wrap elementor-element-populated\">\n\t\t\t\t\t\t\t\t<div class=\"elementor-element elementor-element-736947b elementor-widget elementor-widget-image\" data-id=\"736947b\" data-element_type=\"widget\" data-widget_type=\"image.default\">\n\t\t\t\t<div class=\"elementor-widget-container\">\n\t\t\t<style>\/*! elementor - v3.5.6 - 28-02-2022 *\/\n.elementor-widget-image{text-align:center}.elementor-widget-image a{display:inline-block}.elementor-widget-image a img[src$=\".svg\"]{width:48px}.elementor-widget-image img{vertical-align:middle;display:inline-block}<\/style>\t\t\t\t\t\t\t\t\t\t\t\t\t<a href=\"https:\/\/forms.monday.com\/forms\/12276a579fb28df06281a5ca52729b92?r=use1\">\n\t\t\t\t\t\t\t<img loading=\"lazy\" decoding=\"async\" width=\"1024\" height=\"768\" src=\"https:\/\/www.irum.hu\/wp-content\/uploads\/2026\/03\/ajanlatkeres.png\" class=\"attachment-large size-large\" alt=\"\" srcset=\"https:\/\/www.irum.hu\/wp-content\/uploads\/2026\/03\/ajanlatkeres.png 1024w, https:\/\/www.irum.hu\/wp-content\/uploads\/2026\/03\/ajanlatkeres-300x225.png 300w, https:\/\/www.irum.hu\/wp-content\/uploads\/2026\/03\/ajanlatkeres-768x576.png 768w, https:\/\/www.irum.hu\/wp-content\/uploads\/2026\/03\/ajanlatkeres-255x191.png 255w, https:\/\/www.irum.hu\/wp-content\/uploads\/2026\/03\/ajanlatkeres-600x450.png 600w\" sizes=\"auto, (max-width: 1024px) 100vw, 1024px\" \/>\t\t\t\t\t\t\t\t<\/a>\n\t\t\t\t\t\t\t\t\t\t\t\t\t\t\t<\/div>\n\t\t\t\t<\/div>\n\t\t\t\t\t<\/div>\n\t\t<\/div>\n\t\t\t\t<div class=\"elementor-column elementor-col-50 elementor-top-column elementor-element elementor-element-8fb4270\" data-id=\"8fb4270\" data-element_type=\"column\">\n\t\t\t<div class=\"elementor-widget-wrap elementor-element-populated\">\n\t\t\t\t\t\t\t\t<div class=\"elementor-element elementor-element-5958247 elementor-widget elementor-widget-image\" data-id=\"5958247\" data-element_type=\"widget\" data-widget_type=\"image.default\">\n\t\t\t\t<div class=\"elementor-widget-container\">\n\t\t\t\t\t\t\t\t\t\t\t\t\t\t\t\t<a href=\"#contactformen\">\n\t\t\t\t\t\t\t<img loading=\"lazy\" decoding=\"async\" width=\"1024\" height=\"768\" src=\"https:\/\/www.irum.hu\/wp-content\/uploads\/2026\/03\/office.png\" class=\"attachment-large size-large\" alt=\"\" srcset=\"https:\/\/www.irum.hu\/wp-content\/uploads\/2026\/03\/office.png 1024w, https:\/\/www.irum.hu\/wp-content\/uploads\/2026\/03\/office-300x225.png 300w, https:\/\/www.irum.hu\/wp-content\/uploads\/2026\/03\/office-768x576.png 768w, https:\/\/www.irum.hu\/wp-content\/uploads\/2026\/03\/office-255x191.png 255w, https:\/\/www.irum.hu\/wp-content\/uploads\/2026\/03\/office-600x450.png 600w\" sizes=\"auto, (max-width: 1024px) 100vw, 1024px\" \/>\t\t\t\t\t\t\t\t<\/a>\n\t\t\t\t\t\t\t\t\t\t\t\t\t\t\t<\/div>\n\t\t\t\t<\/div>\n\t\t\t\t\t<\/div>\n\t\t<\/div>\n\t\t\t\t\t\t\t<\/div>\n\t\t<\/section>\n\t\t\t\t<section class=\"elementor-section elementor-top-section elementor-element elementor-element-359ccad elementor-section-stretched elementor-section-full_width elementor-section-height-default elementor-section-height-default\" data-id=\"359ccad\" data-element_type=\"section\" data-settings=\"{&quot;stretch_section&quot;:&quot;section-stretched&quot;}\">\n\t\t\t\t\t\t<div class=\"elementor-container elementor-column-gap-no\">\n\t\t\t\t\t<div class=\"elementor-column elementor-col-100 elementor-top-column elementor-element elementor-element-5f7b3be\" data-id=\"5f7b3be\" data-element_type=\"column\">\n\t\t\t<div class=\"elementor-widget-wrap elementor-element-populated\">\n\t\t\t\t\t\t\t\t<div class=\"elementor-element elementor-element-a76ab4d elementor-widget elementor-widget-spacer\" data-id=\"a76ab4d\" data-element_type=\"widget\" data-widget_type=\"spacer.default\">\n\t\t\t\t<div class=\"elementor-widget-container\">\n\t\t\t\t\t<div class=\"elementor-spacer\">\n\t\t\t<div class=\"elementor-spacer-inner\"><\/div>\n\t\t<\/div>\n\t\t\t\t<\/div>\n\t\t\t\t<\/div>\n\t\t\t\t<div class=\"elementor-element elementor-element-dc2d6b6 map_area elementor-widget elementor-widget-text-editor\" data-id=\"dc2d6b6\" data-element_type=\"widget\" data-widget_type=\"text-editor.default\">\n\t\t\t\t<div class=\"elementor-widget-container\">\n\t\t\t<style>\/*! elementor - v3.5.6 - 28-02-2022 *\/\n.elementor-widget-text-editor.elementor-drop-cap-view-stacked .elementor-drop-cap{background-color:#818a91;color:#fff}.elementor-widget-text-editor.elementor-drop-cap-view-framed .elementor-drop-cap{color:#818a91;border:3px solid;background-color:transparent}.elementor-widget-text-editor:not(.elementor-drop-cap-view-default) .elementor-drop-cap{margin-top:8px}.elementor-widget-text-editor:not(.elementor-drop-cap-view-default) .elementor-drop-cap-letter{width:1em;height:1em}.elementor-widget-text-editor .elementor-drop-cap{float:left;text-align:center;line-height:1;font-size:50px}.elementor-widget-text-editor .elementor-drop-cap-letter{display:inline-block}<\/style>\t\t\t\t<iframe loading=\"lazy\" style=\"border: 0;\" src=\"https:\/\/www.google.com\/maps\/embed?pb=!1m18!1m12!1m3!1d2732.371466708447!2d24.711832515601923!3d46.777284279138385!2m3!1f0!2f0!3f0!3m2!1i1024!2i768!4f13.1!3m3!1m2!1s0x474a37eb1c3d7445%3A0x9213c29db9f12ff3!2sIrum!5e0!3m2!1sro!2sro!4v1647342349750!5m2!1sro!2sro\" width=\"600\" height=\"450\" allowfullscreen=\"allowfullscreen\"><\/iframe>\t\t\t\t\t\t<\/div>\n\t\t\t\t<\/div>\n\t\t\t\t\t<\/div>\n\t\t<\/div>\n\t\t\t\t\t\t\t<\/div>\n\t\t<\/section>\n\t\t\t\t<section class=\"elementor-section elementor-top-section elementor-element elementor-element-08109f1 elementor-section-stretched elementor-section-full_width elementor-section-height-default elementor-section-height-default\" data-id=\"08109f1\" data-element_type=\"section\" data-settings=\"{&quot;stretch_section&quot;:&quot;section-stretched&quot;}\">\n\t\t\t\t\t\t<div class=\"elementor-container elementor-column-gap-no\">\n\t\t\t\t\t<div class=\"elementor-column elementor-col-100 elementor-top-column elementor-element elementor-element-e50da8e\" data-id=\"e50da8e\" data-element_type=\"column\">\n\t\t\t<div class=\"elementor-widget-wrap elementor-element-populated\">\n\t\t\t\t\t\t\t\t<div class=\"elementor-element elementor-element-6d29e30 elementor-widget elementor-widget-karde_contact_info\" data-id=\"6d29e30\" data-element_type=\"widget\" data-widget_type=\"karde_contact_info.default\">\n\t\t\t\t<div class=\"elementor-widget-container\">\n\t\t\t\n\t\t\t\t <section class=\"contact_information p_100\">\n\t\t\t<div class=\"container\">\n\t\t\t\t<div class=\"flag_center_title wow animated fadeInUp\" data-wow-delay=\"0.2s\">\n\t\t\t\t\t<h2><\/h2>\n\t\t\t\t<\/div>\n\t\t\t\t<div class=\"row contact_info_inner justify-content-center\">\n\t\t\t\t\t\t\t\t <div class=\"col-lg-4 col-sm-6 wow animated fadeIn\" data-wow-delay=\"0.2s\">\n\t\t\t\t\t\t<div class=\"contact_info_item\">\n\t\t\t\t<i aria-hidden=\"true\" class=\" icon-location\"><\/i>\t\t\t\t\t\t\t<h4>Address<\/h4>\n\t\t\t\t\t\t\t<div><a style=\"color: grey;\" href=\"https:\/\/www.google.ro\/maps\/place\/S%C3%B3sk%C3%BAt,+Bolyai+J%C3%A1nos+utca+8,+2038+Ungaria\/@47.3859673,18.8350549,17z\/data=!3m1!4b1!4m5!3m4!1s0x4741e204fe0d4b2b:0x636961a6f18eff3f!8m2!3d47.3859637!4d18.8372436\" target=\"_blank\">2038 S\u00f3sk\u00fat, Bolyai J\u00e1nos street 8.<\/a><\/div>\n\t\t\t\t\t\t<\/div>\n<\/div> \t\t\t\t\t <div class=\"col-lg-4 col-sm-6 wow animated fadeIn\" data-wow-delay=\"0.4s\">\n\t\t\t\t\t\t<div class=\"contact_info_item\">\n\t\t\t\t<i aria-hidden=\"true\" class=\" icon-phone1\"><\/i>\t\t\t\t\t\t\t<h4>Phone<\/h4>\n\t\t\t\t\t\t\t<div><h5><a href=\"tel:3623560023\">+36(23)560-023<\/a> <\/h5><\/div>\n\t\t\t\t\t\t<\/div>\n<\/div> \t\t\t\t\t <div class=\"col-lg-4 col-sm-6 wow animated fadeIn\" data-wow-delay=\"0.6s\">\n\t\t\t\t\t\t<div class=\"contact_info_item\">\n\t\t\t\t<i aria-hidden=\"true\" class=\" icon-envelop\"><\/i>\t\t\t\t\t\t\t<h4>Email address<\/h4>\n\t\t\t\t\t\t\t<div><a style=\"color: grey;\" href=\"mailto:traktor@maviprod.hu\">traktor@maviprod.hu<\/a><\/div>\n\t\t\t\t\t\t<\/div>\n<\/div>  \n\t\t\t\t<\/div>\n\t\t\t<\/div>\n\t\t<\/section> \n\t\t\n\t\t\t\t<\/div>\n\t\t\t\t<\/div>\n\t\t\t\t\t<\/div>\n\t\t<\/div>\n\t\t\t\t\t\t\t<\/div>\n\t\t<\/section>\n\t\t\t\t<section class=\"elementor-section elementor-top-section elementor-element elementor-element-b031470 elementor-section-stretched elementor-section-full_width elementor-section-height-default elementor-section-height-default\" data-id=\"b031470\" data-element_type=\"section\" id=\"contactformen\" data-settings=\"{&quot;stretch_section&quot;:&quot;section-stretched&quot;}\">\n\t\t\t\t\t\t<div class=\"elementor-container elementor-column-gap-no\">\n\t\t\t\t\t<div class=\"elementor-column elementor-col-100 elementor-top-column elementor-element elementor-element-f2f903a\" data-id=\"f2f903a\" data-element_type=\"column\">\n\t\t\t<div class=\"elementor-widget-wrap elementor-element-populated\">\n\t\t\t\t\t\t\t\t<div class=\"elementor-element elementor-element-4fbca01 elementor-widget elementor-widget-karde_contact_us\" data-id=\"4fbca01\" data-element_type=\"widget\" data-widget_type=\"karde_contact_us.default\">\n\t\t\t\t<div class=\"elementor-widget-container\">\n\t\t\t <section class=\"main_contact_area p_100\">\n\t\t\t<div class=\"container\">\n\t\t\t\t<div class=\"flag_center_title wow animated fadeInLeft\" data-wow-delay=\"0\">\n\t\t\t\t\t<h2>Contact Us<\/h2>\n\t\t\t\t<\/div>\n\t\t\t\t<div class=\"main_contact_inner\">\n\t\t<div class=\"elementor-shortcode kardecore-cf7-0\">\n<div class=\"wpcf7 no-js\" id=\"wpcf7-f13326-o1\" lang=\"en-US\" dir=\"ltr\">\n<div class=\"screen-reader-response\"><p role=\"status\" aria-live=\"polite\" aria-atomic=\"true\"><\/p> <ul><\/ul><\/div>\n<form action=\"\/en\/wp-json\/wp\/v2\/pages\/6922#wpcf7-f13326-o1\" method=\"post\" class=\"wpcf7-form init\" aria-label=\"Contact form\" novalidate=\"novalidate\" data-status=\"init\">\n<div style=\"display: none;\">\n<input type=\"hidden\" name=\"_wpcf7\" value=\"13326\" \/>\n<input type=\"hidden\" name=\"_wpcf7_version\" value=\"5.7.6\" \/>\n<input type=\"hidden\" name=\"_wpcf7_locale\" value=\"en_US\" \/>\n<input type=\"hidden\" name=\"_wpcf7_unit_tag\" value=\"wpcf7-f13326-o1\" \/>\n<input type=\"hidden\" name=\"_wpcf7_container_post\" value=\"0\" \/>\n<input type=\"hidden\" name=\"_wpcf7_posted_data_hash\" value=\"\" \/>\n<input type=\"hidden\" name=\"_wpcf7_recaptcha_response\" value=\"\" \/>\n<\/div>\n<div class=\"row contact_form\" id=\"contactForm\">\n\t<div class=\"form-group col-md-6\">\n\t\t<p><span class=\"wpcf7-form-control-wrap\" data-name=\"recipients\"><select class=\"wpcf7-form-control wpcf7-select nice_select\" aria-invalid=\"false\" name=\"recipients\"><option value=\"Office\">Office<\/option><\/select><\/span>\n\t\t<\/p>\n\t<\/div>\n\t<div class=\"form-group col-md-6\">\n\t\t<p><span class=\"wpcf7-form-control-wrap\" data-name=\"select-menu\"><select class=\"wpcf7-form-control wpcf7-select nice_select\" aria-invalid=\"false\" name=\"select-menu\"><option value=\"Choose the county\">Choose the county<\/option><option value=\"B\u00e1cs-Kiskun\">B\u00e1cs-Kiskun<\/option><option value=\"Baranya\">Baranya<\/option><option value=\"B\u00e9k\u00e9s\">B\u00e9k\u00e9s<\/option><option value=\"Borsod-Aba\u00faj-Zempl\u00e9n\">Borsod-Aba\u00faj-Zempl\u00e9n<\/option><option value=\"Csongr\u00e1d-Csan\u00e1d\">Csongr\u00e1d-Csan\u00e1d<\/option><option value=\"Fej\u00e9r\">Fej\u00e9r<\/option><option value=\"Gy\u0151r-Moson-Sopron\">Gy\u0151r-Moson-Sopron<\/option><option value=\"Hajd\u00fa-Bihar\">Hajd\u00fa-Bihar<\/option><option value=\"Heves\">Heves<\/option><option value=\"J\u00e1sz-Nagykun-Szolnok\">J\u00e1sz-Nagykun-Szolnok<\/option><option value=\"Kom\u00e1rom-Esztergom\">Kom\u00e1rom-Esztergom<\/option><option value=\"N\u00f3gr\u00e1d\">N\u00f3gr\u00e1d<\/option><option value=\"Pest\">Pest<\/option><option value=\"Somogy\">Somogy<\/option><option value=\"Szabolcs-Szatm\u00e1r-Bereg\">Szabolcs-Szatm\u00e1r-Bereg<\/option><option value=\"Tolna\">Tolna<\/option><option value=\"Vas\">Vas<\/option><option value=\"Veszpr\u00e9m\">Veszpr\u00e9m<\/option><option value=\"Zala\">Zala<\/option><\/select><\/span>\n\t\t<\/p>\n\t<\/div>\n\t<div class=\"form-group col-md-6\">\n\t\t<p><span class=\"wpcf7-form-control-wrap\" data-name=\"nume\"><input size=\"40\" class=\"wpcf7-form-control wpcf7-text wpcf7-validates-as-required form-control\" id=\"name\" aria-required=\"true\" aria-invalid=\"false\" placeholder=\"First Name\" value=\"\" type=\"text\" name=\"nume\" \/><\/span>\n\t\t<\/p>\n\t<\/div>\n\t<div class=\"form-group col-md-6\">\n\t\t<p><span class=\"wpcf7-form-control-wrap\" data-name=\"prenume\"><input size=\"40\" class=\"wpcf7-form-control wpcf7-text wpcf7-validates-as-required form-control\" id=\"prenume\" aria-required=\"true\" aria-invalid=\"false\" placeholder=\"Last Name\" value=\"\" type=\"text\" name=\"prenume\" \/><\/span>\n\t\t<\/p>\n\t<\/div>\n\t<div class=\"form-group col-md-6\">\n\t\t<p><span class=\"wpcf7-form-control-wrap\" data-name=\"email\"><input size=\"40\" class=\"wpcf7-form-control wpcf7-text wpcf7-email wpcf7-validates-as-required wpcf7-validates-as-email form-control\" id=\"email\" aria-required=\"true\" aria-invalid=\"false\" placeholder=\"Email\" value=\"\" type=\"email\" name=\"email\" \/><\/span>\n\t\t<\/p>\n\t<\/div>\n\t<div class=\"form-group col-md-6\">\n\t\t<p><span class=\"wpcf7-form-control-wrap\" data-name=\"telefon\"><input size=\"40\" class=\"wpcf7-form-control wpcf7-text wpcf7-validates-as-required form-control\" id=\"number\" aria-required=\"true\" aria-invalid=\"false\" placeholder=\"Phone\" value=\"\" type=\"text\" name=\"telefon\" \/><\/span>\n\t\t<\/p>\n\t<\/div>\n\t<div class=\"form-group col-md-12\">\n\t\t<p><span class=\"wpcf7-form-control-wrap\" data-name=\"message\"><textarea cols=\"40\" rows=\"10\" class=\"wpcf7-form-control wpcf7-textarea wpcf7-validates-as-required form-control\" id=\"message\" aria-required=\"true\" aria-invalid=\"false\" placeholder=\"Your message\" name=\"message\"><\/textarea><\/span>\n\t\t<\/p>\n\t<\/div>\n\t<div class=\"form-group col-md-12\">\n\t\t<p><span class=\"wpcf7-form-control-wrap\" data-name=\"acceptance-845\"><span class=\"wpcf7-form-control wpcf7-acceptance\"><span class=\"wpcf7-list-item\"><label><input type=\"checkbox\" name=\"acceptance-845\" value=\"1\" aria-invalid=\"false\" \/><span class=\"wpcf7-list-item-label\">I agree with the company's privacy policy, the policy I find <a href=\"https:\/\/www.irum.hu\/politica-de-confidentialitate\/\">here<\/a>!<\/span><\/label><\/span><\/span><\/span>\n\t\t<\/p>\n\t<\/div>\n\t<div class=\"form-group col-md-12\">\n\t<span class=\"wpcf7-form-control-wrap recaptcha\" data-name=\"recaptcha\"><span data-sitekey=\"6LccezogAAAAAOBLrzWLvv0A16hg0CfZbLIM_z5L\" data-align=\"center\" class=\"wpcf7-form-control g-recaptcha wpcf7-recaptcha\"><\/span>\r\n<noscript>\r\n\t<div class=\"grecaptcha-noscript\">\r\n\t\t<iframe loading=\"lazy\" src=\"https:\/\/www.google.com\/recaptcha\/api\/fallback?k=6LccezogAAAAAOBLrzWLvv0A16hg0CfZbLIM_z5L\" frameborder=\"0\" scrolling=\"no\" width=\"310\" height=\"430\">\r\n\t\t<\/iframe>\r\n\t\t<textarea name=\"g-recaptcha-response\" rows=\"3\" cols=\"40\" placeholder=\"reCaptcha Response Here\">\r\n\t\t<\/textarea>\r\n\t<\/div>\r\n<\/noscript>\r\n<\/span>\n\t<\/div>\n\t<div class=\"form-group center-btn col-md-12\">\n\t\t<p><input class=\"wpcf7-form-control has-spinner wpcf7-submit btn submit_btn red form-control\" type=\"submit\" value=\"Send\" \/>\n\t\t<\/p>\n\t<\/div>\n<\/div><div class=\"wpcf7-response-output\" aria-hidden=\"true\"><\/div>\n<\/form>\n<\/div>\n<\/div>\t\t\t\t<\/div>\n\t\t\t<\/div>\n\t\t<\/section> \n\t\t\t\t<\/div>\n\t\t\t\t<\/div>\n\t\t\t\t\t<\/div>\n\t\t<\/div>\n\t\t\t\t\t\t\t<\/div>\n\t\t<\/section>\n\t\t\t\t\t\t<\/div>\n\t\t\t\t\t<\/div>\n\t\t","protected":false},"excerpt":{"rendered":"<p>Contact Us Address 2038 S\u00f3sk\u00fat, Bolyai J\u00e1nos street 8. Phone<\/p>\n","protected":false},"author":1,"featured_media":6739,"parent":0,"menu_order":0,"comment_status":"closed","ping_status":"closed","template":"","meta":{"footnotes":""},"class_list":["post-6922","page","type-page","status-publish","has-post-thumbnail","hentry"],"yoast_head":"<!-- This site is optimized with the Yoast SEO plugin v20.7 - https:\/\/yoast.com\/wordpress\/plugins\/seo\/ -->\n<title>IRUM -Contact Us<\/title>\n<meta name=\"robots\" content=\"index, follow, max-snippet:-1, max-image-preview:large, max-video-preview:-1\" \/>\n<link rel=\"canonical\" href=\"https:\/\/www.irum.hu\/en\/contact\/\" \/>\n<meta property=\"og:locale\" content=\"en_US\" \/>\n<meta property=\"og:type\" content=\"article\" \/>\n<meta property=\"og:title\" content=\"IRUM -Contact Us\" \/>\n<meta property=\"og:description\" content=\"Contact Us Address 2038 S\u00f3sk\u00fat, Bolyai J\u00e1nos street 8. Phone\" \/>\n<meta property=\"og:url\" content=\"https:\/\/www.irum.hu\/en\/contact\/\" \/>\n<meta property=\"og:site_name\" content=\"IRUM\" \/>\n<meta property=\"article:modified_time\" content=\"2026-03-20T11:38:21+00:00\" \/>\n<meta property=\"og:image\" content=\"https:\/\/www.irum.hu\/wp-content\/uploads\/2022\/03\/despre-companie.png\" \/>\n\t<meta property=\"og:image:width\" content=\"1099\" \/>\n\t<meta property=\"og:image:height\" content=\"324\" \/>\n\t<meta property=\"og:image:type\" content=\"image\/png\" \/>\n<meta name=\"twitter:card\" content=\"summary_large_image\" \/>\n<meta name=\"twitter:label1\" content=\"Est. reading time\" \/>\n\t<meta name=\"twitter:data1\" content=\"1 minute\" \/>\n<script type=\"application\/ld+json\" class=\"yoast-schema-graph\">{\"@context\":\"https:\/\/schema.org\",\"@graph\":[{\"@type\":\"WebPage\",\"@id\":\"https:\/\/www.irum.hu\/en\/contact\/\",\"url\":\"https:\/\/www.irum.hu\/en\/contact\/\",\"name\":\"IRUM -Contact Us\",\"isPartOf\":{\"@id\":\"https:\/\/www.irum.hu\/en\/#website\"},\"datePublished\":\"2019-12-30T11:09:12+00:00\",\"dateModified\":\"2026-03-20T11:38:21+00:00\",\"inLanguage\":\"en-US\",\"potentialAction\":[{\"@type\":\"ReadAction\",\"target\":[\"https:\/\/www.irum.hu\/en\/contact\/\"]}]},{\"@type\":\"WebSite\",\"@id\":\"https:\/\/www.irum.hu\/en\/#website\",\"url\":\"https:\/\/www.irum.hu\/en\/\",\"name\":\"IRUM\",\"description\":\"Tractoare Rom\u00e2ne\u0219ti\",\"publisher\":{\"@id\":\"https:\/\/www.irum.hu\/en\/#organization\"},\"potentialAction\":[{\"@type\":\"SearchAction\",\"target\":{\"@type\":\"EntryPoint\",\"urlTemplate\":\"https:\/\/www.irum.hu\/en\/?s={search_term_string}\"},\"query-input\":\"required name=search_term_string\"}],\"inLanguage\":\"en-US\"},{\"@type\":\"Organization\",\"@id\":\"https:\/\/www.irum.hu\/en\/#organization\",\"name\":\"IRUM\",\"url\":\"https:\/\/www.irum.hu\/en\/\",\"logo\":{\"@type\":\"ImageObject\",\"inLanguage\":\"en-US\",\"@id\":\"https:\/\/www.irum.hu\/en\/#\/schema\/logo\/image\/\",\"url\":\"https:\/\/www.irum.hu\/wp-content\/uploads\/2022\/06\/loho_hu.png\",\"contentUrl\":\"https:\/\/www.irum.hu\/wp-content\/uploads\/2022\/06\/loho_hu.png\",\"width\":99,\"height\":141,\"caption\":\"IRUM\"},\"image\":{\"@id\":\"https:\/\/www.irum.hu\/en\/#\/schema\/logo\/image\/\"}}]}<\/script>\n<!-- \/ Yoast SEO plugin. -->","yoast_head_json":{"title":"IRUM -Contact Us","robots":{"index":"index","follow":"follow","max-snippet":"max-snippet:-1","max-image-preview":"max-image-preview:large","max-video-preview":"max-video-preview:-1"},"canonical":"https:\/\/www.irum.hu\/en\/contact\/","og_locale":"en_US","og_type":"article","og_title":"IRUM -Contact Us","og_description":"Contact Us Address 2038 S\u00f3sk\u00fat, Bolyai J\u00e1nos street 8. Phone","og_url":"https:\/\/www.irum.hu\/en\/contact\/","og_site_name":"IRUM","article_modified_time":"2026-03-20T11:38:21+00:00","og_image":[{"width":1099,"height":324,"url":"https:\/\/www.irum.hu\/wp-content\/uploads\/2022\/03\/despre-companie.png","type":"image\/png"}],"twitter_card":"summary_large_image","twitter_misc":{"Est. reading time":"1 minute"},"schema":{"@context":"https:\/\/schema.org","@graph":[{"@type":"WebPage","@id":"https:\/\/www.irum.hu\/en\/contact\/","url":"https:\/\/www.irum.hu\/en\/contact\/","name":"IRUM -Contact Us","isPartOf":{"@id":"https:\/\/www.irum.hu\/en\/#website"},"datePublished":"2019-12-30T11:09:12+00:00","dateModified":"2026-03-20T11:38:21+00:00","inLanguage":"en-US","potentialAction":[{"@type":"ReadAction","target":["https:\/\/www.irum.hu\/en\/contact\/"]}]},{"@type":"WebSite","@id":"https:\/\/www.irum.hu\/en\/#website","url":"https:\/\/www.irum.hu\/en\/","name":"IRUM","description":"Tractoare Rom\u00e2ne\u0219ti","publisher":{"@id":"https:\/\/www.irum.hu\/en\/#organization"},"potentialAction":[{"@type":"SearchAction","target":{"@type":"EntryPoint","urlTemplate":"https:\/\/www.irum.hu\/en\/?s={search_term_string}"},"query-input":"required name=search_term_string"}],"inLanguage":"en-US"},{"@type":"Organization","@id":"https:\/\/www.irum.hu\/en\/#organization","name":"IRUM","url":"https:\/\/www.irum.hu\/en\/","logo":{"@type":"ImageObject","inLanguage":"en-US","@id":"https:\/\/www.irum.hu\/en\/#\/schema\/logo\/image\/","url":"https:\/\/www.irum.hu\/wp-content\/uploads\/2022\/06\/loho_hu.png","contentUrl":"https:\/\/www.irum.hu\/wp-content\/uploads\/2022\/06\/loho_hu.png","width":99,"height":141,"caption":"IRUM"},"image":{"@id":"https:\/\/www.irum.hu\/en\/#\/schema\/logo\/image\/"}}]}},"_links":{"self":[{"href":"https:\/\/www.irum.hu\/en\/wp-json\/wp\/v2\/pages\/6922","targetHints":{"allow":["GET"]}}],"collection":[{"href":"https:\/\/www.irum.hu\/en\/wp-json\/wp\/v2\/pages"}],"about":[{"href":"https:\/\/www.irum.hu\/en\/wp-json\/wp\/v2\/types\/page"}],"author":[{"embeddable":true,"href":"https:\/\/www.irum.hu\/en\/wp-json\/wp\/v2\/users\/1"}],"replies":[{"embeddable":true,"href":"https:\/\/www.irum.hu\/en\/wp-json\/wp\/v2\/comments?post=6922"}],"version-history":[{"count":12,"href":"https:\/\/www.irum.hu\/en\/wp-json\/wp\/v2\/pages\/6922\/revisions"}],"predecessor-version":[{"id":17233,"href":"https:\/\/www.irum.hu\/en\/wp-json\/wp\/v2\/pages\/6922\/revisions\/17233"}],"wp:featuredmedia":[{"embeddable":true,"href":"https:\/\/www.irum.hu\/en\/wp-json\/wp\/v2\/media\/6739"}],"wp:attachment":[{"href":"https:\/\/www.irum.hu\/en\/wp-json\/wp\/v2\/media?parent=6922"}],"curies":[{"name":"wp","href":"https:\/\/api.w.org\/{rel}","templated":true}]}}